{"id":555,"date":"2023-01-23T01:07:40","date_gmt":"2023-01-23T01:07:40","guid":{"rendered":"http:\/\/patricktravelservices.com\/?page_id=555"},"modified":"2023-04-16T13:13:51","modified_gmt":"2023-04-16T13:13:51","slug":"infos-paiement","status":"publish","type":"page","link":"https:\/\/patricktravelservices.com\/?page_id=555","title":{"rendered":"infos paiement"},"content":{"rendered":"\t\t<div data-elementor-type=\"wp-page\" data-elementor-id=\"555\" class=\"elementor elementor-555\">\n\t\t\t\t\t\t\t\t\t<section class=\"elementor-section elementor-top-section elementor-element elementor-element-ee0f92e elementor-section-boxed elementor-section-height-default elementor-section-height-default\" data-id=\"ee0f92e\" data-element_type=\"section\">\n\t\t\t\t\t\t<div class=\"elementor-container elementor-column-gap-default\">\n\t\t\t\t\t<div class=\"elementor-column elementor-col-100 elementor-top-column elementor-element elementor-element-c35578b\" data-id=\"c35578b\" data-element_type=\"column\">\n\t\t\t<div class=\"elementor-widget-wrap elementor-element-populated\">\n\t\t\t\t\t\t\t\t<div class=\"elementor-element elementor-element-394c559 elementor-widget elementor-widget-heading\" data-id=\"394c559\" data-element_type=\"widget\" data-widget_type=\"heading.default\">\n\t\t\t\t<div class=\"elementor-widget-container\">\n\t\t\t<style>\/*! elementor - v3.10.0 - 09-01-2023 *\/\n.elementor-heading-title{padding:0;margin:0;line-height:1}.elementor-widget-heading .elementor-heading-title[class*=elementor-size-]>a{color:inherit;font-size:inherit;line-height:inherit}.elementor-widget-heading .elementor-heading-title.elementor-size-small{font-size:15px}.elementor-widget-heading .elementor-heading-title.elementor-size-medium{font-size:19px}.elementor-widget-heading .elementor-heading-title.elementor-size-large{font-size:29px}.elementor-widget-heading .elementor-heading-title.elementor-size-xl{font-size:39px}.elementor-widget-heading .elementor-heading-title.elementor-size-xxl{font-size:59px}<\/style><h2 class=\"elementor-heading-title elementor-size-default\">Infos paiement<\/h2>\t\t<\/div>\n\t\t\t\t<\/div>\n\t\t\t\t<div class=\"elementor-element elementor-element-48730e7 elementor-widget elementor-widget-text-editor\" data-id=\"48730e7\" data-element_type=\"widget\" data-widget_type=\"text-editor.default\">\n\t\t\t\t<div class=\"elementor-widget-container\">\n\t\t\t<style>\/*! elementor - v3.10.0 - 09-01-2023 *\/\n.elementor-widget-text-editor.elementor-drop-cap-view-stacked .elementor-drop-cap{background-color:#818a91;color:#fff}.elementor-widget-text-editor.elementor-drop-cap-view-framed .elementor-drop-cap{color:#818a91;border:3px solid;background-color:transparent}.elementor-widget-text-editor:not(.elementor-drop-cap-view-default) .elementor-drop-cap{margin-top:8px}.elementor-widget-text-editor:not(.elementor-drop-cap-view-default) .elementor-drop-cap-letter{width:1em;height:1em}.elementor-widget-text-editor .elementor-drop-cap{float:left;text-align:center;line-height:1;font-size:50px}.elementor-widget-text-editor .elementor-drop-cap-letter{display:inline-block}<\/style>\t\t\t\t<p><strong>Vous trouverez ci dessous toutes les informations \u2139\ufe0f concernant les moyens de paiement :<\/strong><\/p><p>Apr\u00e8s \u00c9change avec nos diff\u00e9rentes Secr\u00e9taires,vous avez convenu selon votre situation un tarif<\/p><p>Veuillez maintenant proc\u00e9der au paiement de vos frais de dossier \ud83d\udcc2<\/p><p>\u2013 Pour tous ceux se trouvant en Europe ou qui veulent s\u2019acquitter des frais par Virement bancaire veuillez effectuer le virement sur le num\u00e9ro de compte suivant:<\/p><p><strong>Banque: LCL ( France \ud83c\uddeb\ud83c\uddf7 )<\/strong><\/p><p><strong>IBAN: FR56 3000 2059 3300 0005 9354 W80<\/strong><\/p><p><strong>Titulaire du compte:<\/strong><\/p><p><strong>PANGUIA FRANCK STEPHEN<\/strong><\/p><p>\u2013 Pour tous ceux qui veulent faire un Western Union bien vouloir le faire au nom suivant :<\/p><p><strong>*Nom : PANGUIA *<\/strong><\/p><p><strong>Pr\u00e9nom : FRANCK STEPHEN<\/strong><\/p><p><strong>Pays : CAMEROUN \ud83c\udde8\ud83c\uddf2<\/strong><\/p><p>\u2013 Pour ceux se trouvant en Afrique veuillez faire un Orange Money au num\u00e9ro suivant:<\/p><p><strong>Pays: CAMEROUN \ud83c\udde8\ud83c\uddf2 <\/strong><br \/><strong>Num\u00e9ro: +237 691 230 252<\/strong><br \/><strong>Nom du titulaire: *FRANCK STEPHEN PANGUIA *<\/strong><\/p><p>Pour tous ceux qui veulent faire un Virement depuis l\u2019Afrique bien vouloir le faire au num\u00e9ro de compte suivant:<\/p><p><strong>Banque: Afriland First Bank<\/strong><\/p><p><strong>Compte:10005-00033-07622951051-33<\/strong><\/p><p><strong>Titulaire du compte:<\/strong><\/p><p><strong>PANGUIA FRANCK STEPHEN<\/strong><\/p><p>Pour tous ceux se trouvant en Turquie, veuillez effectuer le virement au num\u00e9ro de compte suivant:<\/p><p><strong>Veuillez vous rapprocher uniquement de Mr PANGUIA FRANCK STEPHEN pour prendre l\u2019IBAN<\/strong><\/p><p>Il est important de noter que apr\u00e8s avoir effectu\u00e9 votre paiement veuillez nous envoyer un mail de confirmation \u00e0 l\u2019adresse: patricktravelservices@gmail.com ou via whatsapp afin que nous puissons rapidement valider votre paiement<\/p><p>\ud83d\udea8 \ud83d\udea8\ud83d\udea8<\/p><p><strong>Aucun paiement effectu\u00e9 en dehors de ceux cit\u00e9s ci-dessus ne sera pris en compte!!!<\/strong><\/p><p><strong>Merci de votre confiance l\u2019excellence notre seul langage avec \ud83c\udf39PTS \ud83c\udf39 c\u2019est du r\u00eave \u00e0 la r\u00e9alit\u00e9 il suffit d\u2019y croire<\/strong><\/p><p>Notre devise:<\/p><p>Fiabilit\u00e9, Rapidit\u00e9, Succ\u00e8s<\/p>\t\t\t\t\t\t<\/div>\n\t\t\t\t<\/div>\n\t\t\t\t\t<\/div>\n\t\t<\/div>\n\t\t\t\t\t\t\t<\/div>\n\t\t<\/section>\n\t\t\t\t\t\t\t<\/div>\n\t\t","protected":false},"excerpt":{"rendered":"<p>Infos paiement Vous trouverez ci dessous toutes les informations \u2139\ufe0f concernant les moyens de paiement : Apr\u00e8s \u00c9change avec nos diff\u00e9rentes Secr\u00e9taires,vous avez convenu selon votre situation un tarif Veuillez maintenant proc\u00e9der au paiement de vos frais de dossier \ud83d\udcc2 \u2013 Pour tous ceux se trouvant en Europe ou qui veulent s\u2019acquitter des frais par &hellip;<\/p>\n<p class=\"read-more\"> <a class=\"\" href=\"https:\/\/patricktravelservices.com\/?page_id=555\"> <span class=\"screen-reader-text\">infos paiement<\/span> Read More &raquo;<\/a><\/p>\n","protected":false},"author":1,"featured_media":0,"parent":0,"menu_order":0,"comment_status":"closed","ping_status":"closed","template":"","meta":{"site-sidebar-layout":"no-sidebar","site-content-layout":"page-builder","ast-global-header-display":"","ast-main-header-display":"","ast-hfb-above-header-display":"","ast-hfb-below-header-display":"","ast-hfb-mobile-header-display":"","site-post-title":"disabled","ast-breadcrumbs-content":"","ast-featured-img":"disabled","footer-sml-layout":"","theme-transparent-header-meta":"","adv-header-id-meta":"","stick-header-meta":"","header-above-stick-meta":"","header-main-stick-meta":"","header-below-stick-meta":""},"_links":{"self":[{"href":"https:\/\/patricktravelservices.com\/index.php?rest_route=\/wp\/v2\/pages\/555"}],"collection":[{"href":"https:\/\/patricktravelservices.com\/index.php?rest_route=\/wp\/v2\/pages"}],"about":[{"href":"https:\/\/patricktravelservices.com\/index.php?rest_route=\/wp\/v2\/types\/page"}],"author":[{"embeddable":true,"href":"https:\/\/patricktravelservices.com\/index.php?rest_route=\/wp\/v2\/users\/1"}],"replies":[{"embeddable":true,"href":"https:\/\/patricktravelservices.com\/index.php?rest_route=%2Fwp%2Fv2%2Fcomments&post=555"}],"version-history":[{"count":22,"href":"https:\/\/patricktravelservices.com\/index.php?rest_route=\/wp\/v2\/pages\/555\/revisions"}],"predecessor-version":[{"id":1263,"href":"https:\/\/patricktravelservices.com\/index.php?rest_route=\/wp\/v2\/pages\/555\/revisions\/1263"}],"wp:attachment":[{"href":"https:\/\/patricktravelservices.com\/index.php?rest_route=%2Fwp%2Fv2%2Fmedia&parent=555"}],"curies":[{"name":"wp","href":"https:\/\/api.w.org\/{rel}","templated":true}]}}