{"id":332,"date":"2023-01-16T23:20:10","date_gmt":"2023-01-16T23:20:10","guid":{"rendered":"http:\/\/patricktravelservices.com\/?page_id=332"},"modified":"2023-04-16T13:37:08","modified_gmt":"2023-04-16T13:37:08","slug":"assistance-sejour","status":"publish","type":"page","link":"https:\/\/patricktravelservices.com\/?page_id=332","title":{"rendered":"Assistance sejour"},"content":{"rendered":"\t\t<div data-elementor-type=\"wp-page\" data-elementor-id=\"332\" class=\"elementor elementor-332\">\n\t\t\t\t\t\t\t\t\t<section class=\"elementor-section elementor-top-section elementor-element elementor-element-b971a78 elementor-section-boxed elementor-section-height-default elementor-section-height-default\" data-id=\"b971a78\" data-element_type=\"section\">\n\t\t\t\t\t\t<div class=\"elementor-container elementor-column-gap-default\">\n\t\t\t\t\t<div class=\"elementor-column elementor-col-100 elementor-top-column elementor-element elementor-element-ba9cfdf\" data-id=\"ba9cfdf\" data-element_type=\"column\">\n\t\t\t<div class=\"elementor-widget-wrap elementor-element-populated\">\n\t\t\t\t\t\t\t\t<div class=\"elementor-element elementor-element-efa4a6e elementor-widget elementor-widget-heading\" data-id=\"efa4a6e\" data-element_type=\"widget\" data-widget_type=\"heading.default\">\n\t\t\t\t<div class=\"elementor-widget-container\">\n\t\t\t<style>\/*! elementor - v3.10.0 - 09-01-2023 *\/\n.elementor-heading-title{padding:0;margin:0;line-height:1}.elementor-widget-heading .elementor-heading-title[class*=elementor-size-]>a{color:inherit;font-size:inherit;line-height:inherit}.elementor-widget-heading .elementor-heading-title.elementor-size-small{font-size:15px}.elementor-widget-heading .elementor-heading-title.elementor-size-medium{font-size:19px}.elementor-widget-heading .elementor-heading-title.elementor-size-large{font-size:29px}.elementor-widget-heading .elementor-heading-title.elementor-size-xl{font-size:39px}.elementor-widget-heading .elementor-heading-title.elementor-size-xxl{font-size:59px}<\/style><h2 class=\"elementor-heading-title elementor-size-default\">Assistance titre de s\u00e9jour<\/h2>\t\t<\/div>\n\t\t\t\t<\/div>\n\t\t\t\t<div class=\"elementor-element elementor-element-4ee0021 elementor-widget elementor-widget-image\" data-id=\"4ee0021\" data-element_type=\"widget\" data-widget_type=\"image.default\">\n\t\t\t\t<div class=\"elementor-widget-container\">\n\t\t\t<style>\/*! elementor - v3.10.0 - 09-01-2023 *\/\n.elementor-widget-image{text-align:center}.elementor-widget-image a{display:inline-block}.elementor-widget-image a img[src$=\".svg\"]{width:48px}.elementor-widget-image img{vertical-align:middle;display:inline-block}<\/style>\t\t\t\t\t\t\t\t\t\t\t\t<img decoding=\"async\" width=\"1800\" height=\"1800\" src=\"https:\/\/patricktravelservices.com\/wp-content\/uploads\/2023\/03\/BOURSE-DETUDES-EN-3.png\" class=\"attachment-full size-full wp-image-1198\" alt=\"\" loading=\"lazy\" srcset=\"https:\/\/patricktravelservices.com\/wp-content\/uploads\/2023\/03\/BOURSE-DETUDES-EN-3.png 1800w, https:\/\/patricktravelservices.com\/wp-content\/uploads\/2023\/03\/BOURSE-DETUDES-EN-3-300x300.png 300w, https:\/\/patricktravelservices.com\/wp-content\/uploads\/2023\/03\/BOURSE-DETUDES-EN-3-1024x1024.png 1024w, https:\/\/patricktravelservices.com\/wp-content\/uploads\/2023\/03\/BOURSE-DETUDES-EN-3-150x150.png 150w, https:\/\/patricktravelservices.com\/wp-content\/uploads\/2023\/03\/BOURSE-DETUDES-EN-3-768x768.png 768w, https:\/\/patricktravelservices.com\/wp-content\/uploads\/2023\/03\/BOURSE-DETUDES-EN-3-1536x1536.png 1536w\" sizes=\"(max-width: 1800px) 100vw, 1800px\" \/>\t\t\t\t\t\t\t\t\t\t\t\t\t\t\t<\/div>\n\t\t\t\t<\/div>\n\t\t\t\t<div class=\"elementor-element elementor-element-5f5c262 elementor-widget elementor-widget-text-editor\" data-id=\"5f5c262\" data-element_type=\"widget\" data-widget_type=\"text-editor.default\">\n\t\t\t\t<div class=\"elementor-widget-container\">\n\t\t\t<style>\/*! elementor - v3.10.0 - 09-01-2023 *\/\n.elementor-widget-text-editor.elementor-drop-cap-view-stacked .elementor-drop-cap{background-color:#818a91;color:#fff}.elementor-widget-text-editor.elementor-drop-cap-view-framed .elementor-drop-cap{color:#818a91;border:3px solid;background-color:transparent}.elementor-widget-text-editor:not(.elementor-drop-cap-view-default) .elementor-drop-cap{margin-top:8px}.elementor-widget-text-editor:not(.elementor-drop-cap-view-default) .elementor-drop-cap-letter{width:1em;height:1em}.elementor-widget-text-editor .elementor-drop-cap{float:left;text-align:center;line-height:1;font-size:50px}.elementor-widget-text-editor .elementor-drop-cap-letter{display:inline-block}<\/style>\t\t\t\t<p>Nous vous remercions de l&#8217;int\u00e9r\u00eat que vous portez \u00e0 notre entreprise sp\u00e9cialis\u00e9e dans l&#8217;assistance aux titres de s\u00e9jour.<\/p><p>Nous proposons des services complets pour vous aider dans toutes les d\u00e9marches administratives li\u00e9es \u00e0 l&#8217;obtention et au renouvellement de votre titre de s\u00e9jour. Nous nous engageons \u00e0 vous offrir une assistance personnalis\u00e9e et de qualit\u00e9, afin de vous accompagner tout au long du processus.<\/p><p><strong>Nos prestations comprennent notamment :<\/strong><\/p><ul><li>La pr\u00e9paration de votre dossier de demande de titre de s\u00e9jour, en vous aidant \u00e0 rassembler les documents n\u00e9cessaires et en les v\u00e9rifiant minutieusement avant de les soumettre aux autorit\u00e9s comp\u00e9tentes.<\/li><li>L&#8217;accompagnement dans les d\u00e9marches aupr\u00e8s des administrations et des services pr\u00e9fectoraux, notamment lors des entretiens avec les agents charg\u00e9s de l&#8217;\u00e9tude de votre dossier.<\/li><li>La gestion de toutes les correspondances avec les services pr\u00e9fectoraux, afin de vous garantir une r\u00e9ponse rapide et efficace.<\/li><li>La veille r\u00e9glementaire pour vous informer de toute \u00e9volution l\u00e9gislative ou r\u00e9glementaire pouvant avoir un impact sur votre situation.<\/li><\/ul><p>Nous sommes convaincus que notre expertise et notre exp\u00e9rience dans le domaine de l&#8217;assistance aux titres de s\u00e9jour seront un atout pr\u00e9cieux pour vous aider \u00e0 obtenir rapidement votre titre de s\u00e9jour. Nous sommes \u00e0 votre disposition pour r\u00e9pondre \u00e0 toutes vos questions et pour vous fournir des informations compl\u00e9mentaires sur nos prestations.<\/p><p><span style=\"font-style: inherit; font-weight: inherit; font-family: var( --e-global-typography-text-font-family ), Sans-serif; background-color: var(--ast-global-color-5);\">Nous proposons des services complets pour vous aider dans toutes les d\u00e9marches administratives li\u00e9es \u00e0 l&#8217;obtention et au renouvellement de votre titre de s\u00e9jour. Nous nous engageons \u00e0 vous offrir une assistance personnalis\u00e9e et de qualit\u00e9, afin de vous accompagner tout au long du processus.<\/span><\/p><p><strong><span style=\"font-style: inherit; font-family: var( --e-global-typography-text-font-family ), Sans-serif; background-color: var(--ast-global-color-5);\">Nos prestations comprennent notamment :<\/span><\/strong><\/p><ul><li><span style=\"font-style: inherit; font-weight: inherit; font-family: var( --e-global-typography-text-font-family ), Sans-serif; background-color: var(--ast-global-color-5);\">La pr\u00e9paration de votre dossier de demande de titre de s\u00e9jour, en vous aidant \u00e0 rassembler les documents n\u00e9cessaires et en les v\u00e9rifiant minutieusement avant de les soumettre aux autorit\u00e9s comp\u00e9tentes.<\/span><\/li><li><span style=\"font-style: inherit; font-weight: inherit; font-family: var( --e-global-typography-text-font-family ), Sans-serif; background-color: var(--ast-global-color-5);\">L&#8217;accompagnement dans les d\u00e9marches aupr\u00e8s des administrations et des services pr\u00e9fectoraux, notamment lors des entretiens avec les agents charg\u00e9s de l&#8217;\u00e9tude de votre dossier.<\/span><\/li><li><span style=\"font-style: inherit; font-weight: inherit; font-family: var( --e-global-typography-text-font-family ), Sans-serif; background-color: var(--ast-global-color-5);\">La gestion de toutes les correspondances avec les services pr\u00e9fectoraux, afin de vous garantir une r\u00e9ponse rapide et efficace.<\/span><\/li><li><span style=\"font-style: inherit; font-weight: inherit; font-family: var( --e-global-typography-text-font-family ), Sans-serif; background-color: var(--ast-global-color-5);\">La veille r\u00e9glementaire pour vous informer de toute \u00e9volution l\u00e9gislative ou r\u00e9glementaire pouvant avoir un impact sur votre situation.<\/span><\/li><\/ul><p><strong><span style=\"font-style: inherit; font-family: var( --e-global-typography-text-font-family ), Sans-serif; background-color: var(--ast-global-color-5);\">Nous sommes convaincus que notre expertise et notre exp\u00e9rience dans le domaine de l&#8217;assistance aux titres de s\u00e9jour seront un atout pr\u00e9cieux pour vous aider \u00e0 obtenir rapidement votre titre de s\u00e9jour. Nous sommes \u00e0 votre disposition pour r\u00e9pondre \u00e0 toutes vos questions et pour vous fournir des informations compl\u00e9mentaires sur nos prestations.<\/span><\/strong><\/p>\t\t\t\t\t\t<\/div>\n\t\t\t\t<\/div>\n\t\t\t\t\t<\/div>\n\t\t<\/div>\n\t\t\t\t\t\t\t<\/div>\n\t\t<\/section>\n\t\t\t\t\t\t\t<\/div>\n\t\t","protected":false},"excerpt":{"rendered":"<p>Assistance titre de s\u00e9jour Nous vous remercions de l&#8217;int\u00e9r\u00eat que vous portez \u00e0 notre entreprise sp\u00e9cialis\u00e9e dans l&#8217;assistance aux titres de s\u00e9jour. Nous proposons des services complets pour vous aider dans toutes les d\u00e9marches administratives li\u00e9es \u00e0 l&#8217;obtention et au renouvellement de votre titre de s\u00e9jour. Nous nous engageons \u00e0 vous offrir une assistance personnalis\u00e9e &hellip;<\/p>\n<p class=\"read-more\"> <a class=\"\" href=\"https:\/\/patricktravelservices.com\/?page_id=332\"> <span class=\"screen-reader-text\">Assistance sejour<\/span> Read More &raquo;<\/a><\/p>\n","protected":false},"author":1,"featured_media":0,"parent":0,"menu_order":0,"comment_status":"closed","ping_status":"closed","template":"","meta":{"site-sidebar-layout":"no-sidebar","site-content-layout":"page-builder","ast-global-header-display":"","ast-main-header-display":"","ast-hfb-above-header-display":"","ast-hfb-below-header-display":"","ast-hfb-mobile-header-display":"","site-post-title":"disabled","ast-breadcrumbs-content":"","ast-featured-img":"disabled","footer-sml-layout":"","theme-transparent-header-meta":"","adv-header-id-meta":"","stick-header-meta":"","header-above-stick-meta":"","header-main-stick-meta":"","header-below-stick-meta":""},"_links":{"self":[{"href":"https:\/\/patricktravelservices.com\/index.php?rest_route=\/wp\/v2\/pages\/332"}],"collection":[{"href":"https:\/\/patricktravelservices.com\/index.php?rest_route=\/wp\/v2\/pages"}],"about":[{"href":"https:\/\/patricktravelservices.com\/index.php?rest_route=\/wp\/v2\/types\/page"}],"author":[{"embeddable":true,"href":"https:\/\/patricktravelservices.com\/index.php?rest_route=\/wp\/v2\/users\/1"}],"replies":[{"embeddable":true,"href":"https:\/\/patricktravelservices.com\/index.php?rest_route=%2Fwp%2Fv2%2Fcomments&post=332"}],"version-history":[{"count":22,"href":"https:\/\/patricktravelservices.com\/index.php?rest_route=\/wp\/v2\/pages\/332\/revisions"}],"predecessor-version":[{"id":1281,"href":"https:\/\/patricktravelservices.com\/index.php?rest_route=\/wp\/v2\/pages\/332\/revisions\/1281"}],"wp:attachment":[{"href":"https:\/\/patricktravelservices.com\/index.php?rest_route=%2Fwp%2Fv2%2Fmedia&parent=332"}],"curies":[{"name":"wp","href":"https:\/\/api.w.org\/{rel}","templated":true}]}}