{"id":323,"date":"2023-01-16T23:18:28","date_gmt":"2023-01-16T23:18:28","guid":{"rendered":"http:\/\/patricktravelservices.com\/?page_id=323"},"modified":"2023-04-16T13:39:54","modified_gmt":"2023-04-16T13:39:54","slug":"autres-services","status":"publish","type":"page","link":"https:\/\/patricktravelservices.com\/?page_id=323","title":{"rendered":"Autres services"},"content":{"rendered":"\t\t<div data-elementor-type=\"wp-page\" data-elementor-id=\"323\" class=\"elementor elementor-323\">\n\t\t\t\t\t\t\t\t\t<section class=\"elementor-section elementor-top-section elementor-element elementor-element-3d2145c elementor-section-boxed elementor-section-height-default elementor-section-height-default\" data-id=\"3d2145c\" data-element_type=\"section\">\n\t\t\t\t\t\t<div class=\"elementor-container elementor-column-gap-default\">\n\t\t\t\t\t<div class=\"elementor-column elementor-col-100 elementor-top-column elementor-element elementor-element-8e9db6c\" data-id=\"8e9db6c\" data-element_type=\"column\">\n\t\t\t<div class=\"elementor-widget-wrap elementor-element-populated\">\n\t\t\t\t\t\t\t\t<div class=\"elementor-element elementor-element-b730f93 elementor-widget elementor-widget-heading\" data-id=\"b730f93\" data-element_type=\"widget\" data-widget_type=\"heading.default\">\n\t\t\t\t<div class=\"elementor-widget-container\">\n\t\t\t<style>\/*! elementor - v3.10.0 - 09-01-2023 *\/\n.elementor-heading-title{padding:0;margin:0;line-height:1}.elementor-widget-heading .elementor-heading-title[class*=elementor-size-]>a{color:inherit;font-size:inherit;line-height:inherit}.elementor-widget-heading .elementor-heading-title.elementor-size-small{font-size:15px}.elementor-widget-heading .elementor-heading-title.elementor-size-medium{font-size:19px}.elementor-widget-heading .elementor-heading-title.elementor-size-large{font-size:29px}.elementor-widget-heading .elementor-heading-title.elementor-size-xl{font-size:39px}.elementor-widget-heading .elementor-heading-title.elementor-size-xxl{font-size:59px}<\/style><h2 class=\"elementor-heading-title elementor-size-default\">Autres services<\/h2>\t\t<\/div>\n\t\t\t\t<\/div>\n\t\t\t\t<div class=\"elementor-element elementor-element-9c11657 elementor-widget elementor-widget-image\" data-id=\"9c11657\" data-element_type=\"widget\" data-widget_type=\"image.default\">\n\t\t\t\t<div class=\"elementor-widget-container\">\n\t\t\t<style>\/*! elementor - v3.10.0 - 09-01-2023 *\/\n.elementor-widget-image{text-align:center}.elementor-widget-image a{display:inline-block}.elementor-widget-image a img[src$=\".svg\"]{width:48px}.elementor-widget-image img{vertical-align:middle;display:inline-block}<\/style>\t\t\t\t\t\t\t\t\t\t\t\t<img decoding=\"async\" width=\"1800\" height=\"1800\" src=\"https:\/\/patricktravelservices.com\/wp-content\/uploads\/2023\/03\/BOURSE-DETUDES-EN-4.png\" class=\"attachment-full size-full wp-image-1203\" alt=\"\" loading=\"lazy\" srcset=\"https:\/\/patricktravelservices.com\/wp-content\/uploads\/2023\/03\/BOURSE-DETUDES-EN-4.png 1800w, https:\/\/patricktravelservices.com\/wp-content\/uploads\/2023\/03\/BOURSE-DETUDES-EN-4-300x300.png 300w, https:\/\/patricktravelservices.com\/wp-content\/uploads\/2023\/03\/BOURSE-DETUDES-EN-4-1024x1024.png 1024w, https:\/\/patricktravelservices.com\/wp-content\/uploads\/2023\/03\/BOURSE-DETUDES-EN-4-150x150.png 150w, https:\/\/patricktravelservices.com\/wp-content\/uploads\/2023\/03\/BOURSE-DETUDES-EN-4-768x768.png 768w, https:\/\/patricktravelservices.com\/wp-content\/uploads\/2023\/03\/BOURSE-DETUDES-EN-4-1536x1536.png 1536w\" sizes=\"(max-width: 1800px) 100vw, 1800px\" \/>\t\t\t\t\t\t\t\t\t\t\t\t\t\t\t<\/div>\n\t\t\t\t<\/div>\n\t\t\t\t<div class=\"elementor-element elementor-element-f1bc97b elementor-widget elementor-widget-text-editor\" data-id=\"f1bc97b\" data-element_type=\"widget\" data-widget_type=\"text-editor.default\">\n\t\t\t\t<div class=\"elementor-widget-container\">\n\t\t\t<style>\/*! elementor - v3.10.0 - 09-01-2023 *\/\n.elementor-widget-text-editor.elementor-drop-cap-view-stacked .elementor-drop-cap{background-color:#818a91;color:#fff}.elementor-widget-text-editor.elementor-drop-cap-view-framed .elementor-drop-cap{color:#818a91;border:3px solid;background-color:transparent}.elementor-widget-text-editor:not(.elementor-drop-cap-view-default) .elementor-drop-cap{margin-top:8px}.elementor-widget-text-editor:not(.elementor-drop-cap-view-default) .elementor-drop-cap-letter{width:1em;height:1em}.elementor-widget-text-editor .elementor-drop-cap{float:left;text-align:center;line-height:1;font-size:50px}.elementor-widget-text-editor .elementor-drop-cap-letter{display:inline-block}<\/style>\t\t\t\t<p>PTS (Patrick Travel Services) offre \u00e9galement des services tels que :<\/p><ul><li><strong>-Le change de devise<\/strong><\/li><li><strong>-La traduction de vos documents (anglais, espagnol, allemand et bien d\u2019autres encore)<\/strong><\/li><li><strong>-Assistance \u00e0 l\u2019obtention de votre passeport<\/strong><\/li><li><strong>-L\u2019accompagnement dans toutes vos proc\u00e9dures de bourses \ud83d\udcb0<\/strong><\/li><li><strong>-L\u2019accompagnement dans vos proc\u00e9dures de cr\u00e9ation de diff\u00e9rents comptes.<\/strong><br \/><strong>Pour la cr\u00e9ation des comptes Campus France, bien vouloir indiquer :<\/strong><\/li><\/ul><p>*Votre pays<br \/>*Votre adresse mail valide (au cas o\u00f9 vous n\u2019en avez pas, bien vouloir nous informer pour que nous puissions vous en cr\u00e9er une)<br \/>Adresse<br \/>*Num\u00e9ro de t\u00e9l\u00e9phone<br \/>*Niveau d\u2019\u00e9tudes<\/p><p><strong>Documents \u00e0 fournir :<\/strong><\/p><p>CNI ou passeport<br \/>Photo d\u2019identit\u00e9<br \/>CV<br \/>Lettre de motivation<br \/>Relev\u00e9 de notes du<br \/>Probatoire<br \/>Baccalaur\u00e9at<br \/>Et tous les relev\u00e9s de notes de l\u2019universit\u00e9 (pour ceux qui y sont)<br \/>Dipl\u00f4me du Bac<br \/>Dernier dipl\u00f4me obtenu<br \/><strong>Pour France visa, bien vouloir indiquer les informations suivantes :<\/strong><\/p><p>Votre adresse<br \/>Votre ville<br \/>Votre code postal<br \/>Adresse mail<br \/>Num\u00e9ro de t\u00e9l\u00e9phone<br \/>Num\u00e9ro de titre de s\u00e9jour (si vous r\u00e9sidez \u00e0 l\u2019ext\u00e9rieur de votre pays d\u2019origine)<br \/><strong>Un membre de votre famille r\u00e9side-t-il en France ?<\/strong><br \/><strong>Si oui, pr\u00e9cisez :<\/strong><br \/>Son nom<br \/>Son adresse<br \/>Sa date de naissance<br \/>Son code postal<br \/>Son adresse mail et num\u00e9ro de t\u00e9l\u00e9phone<br \/>Activit\u00e9 actuelle<br \/>Date pr\u00e9vue d\u2019arriv\u00e9e en France<br \/>Num\u00e9ro Campus France<br \/>Le nom de votre \u00e9tablissement en France<br \/>L\u2019adresse postale de votre \u00e9tablissement en France<br \/>La ville de votre \u00e9cole en France<br \/>Le num\u00e9ro de t\u00e9l\u00e9phone et l\u2019adresse mail de votre \u00e9tablissement en France<br \/>Le nom d\u2019un contact de votre \u00e9tablissement en France<br \/>Vous avez une AVI ou un garant<br \/>Si vous avez un garant, bien vouloir donner son nom, pr\u00e9nom, adresse et num\u00e9ro de t\u00e9l\u00e9phone<br \/>Nom, adresse, code postal et num\u00e9ro de t\u00e9l\u00e9phone de votre lieu de r\u00e9sidence en France.<\/p>\t\t\t\t\t\t<\/div>\n\t\t\t\t<\/div>\n\t\t\t\t\t<\/div>\n\t\t<\/div>\n\t\t\t\t\t\t\t<\/div>\n\t\t<\/section>\n\t\t\t\t\t\t\t<\/div>\n\t\t","protected":false},"excerpt":{"rendered":"<p>Autres services PTS (Patrick Travel Services) offre \u00e9galement des services tels que : -Le change de devise -La traduction de vos documents (anglais, espagnol, allemand et bien d\u2019autres encore) -Assistance \u00e0 l\u2019obtention de votre passeport -L\u2019accompagnement dans toutes vos proc\u00e9dures de bourses \ud83d\udcb0 -L\u2019accompagnement dans vos proc\u00e9dures de cr\u00e9ation de diff\u00e9rents comptes.Pour la cr\u00e9ation des &hellip;<\/p>\n<p class=\"read-more\"> <a class=\"\" href=\"https:\/\/patricktravelservices.com\/?page_id=323\"> <span class=\"screen-reader-text\">Autres services<\/span> Read More &raquo;<\/a><\/p>\n","protected":false},"author":1,"featured_media":0,"parent":0,"menu_order":0,"comment_status":"closed","ping_status":"closed","template":"","meta":{"site-sidebar-layout":"no-sidebar","site-content-layout":"page-builder","ast-global-header-display":"","ast-main-header-display":"","ast-hfb-above-header-display":"","ast-hfb-below-header-display":"","ast-hfb-mobile-header-display":"","site-post-title":"disabled","ast-breadcrumbs-content":"","ast-featured-img":"disabled","footer-sml-layout":"","theme-transparent-header-meta":"","adv-header-id-meta":"","stick-header-meta":"","header-above-stick-meta":"","header-main-stick-meta":"","header-below-stick-meta":""},"_links":{"self":[{"href":"https:\/\/patricktravelservices.com\/index.php?rest_route=\/wp\/v2\/pages\/323"}],"collection":[{"href":"https:\/\/patricktravelservices.com\/index.php?rest_route=\/wp\/v2\/pages"}],"about":[{"href":"https:\/\/patricktravelservices.com\/index.php?rest_route=\/wp\/v2\/types\/page"}],"author":[{"embeddable":true,"href":"https:\/\/patricktravelservices.com\/index.php?rest_route=\/wp\/v2\/users\/1"}],"replies":[{"embeddable":true,"href":"https:\/\/patricktravelservices.com\/index.php?rest_route=%2Fwp%2Fv2%2Fcomments&post=323"}],"version-history":[{"count":28,"href":"https:\/\/patricktravelservices.com\/index.php?rest_route=\/wp\/v2\/pages\/323\/revisions"}],"predecessor-version":[{"id":1284,"href":"https:\/\/patricktravelservices.com\/index.php?rest_route=\/wp\/v2\/pages\/323\/revisions\/1284"}],"wp:attachment":[{"href":"https:\/\/patricktravelservices.com\/index.php?rest_route=%2Fwp%2Fv2%2Fmedia&parent=323"}],"curies":[{"name":"wp","href":"https:\/\/api.w.org\/{rel}","templated":true}]}}