{"id":316,"date":"2023-01-16T23:17:08","date_gmt":"2023-01-16T23:17:08","guid":{"rendered":"http:\/\/patricktravelservices.com\/?page_id=316"},"modified":"2023-04-16T13:34:56","modified_gmt":"2023-04-16T13:34:56","slug":"assistance-logement","status":"publish","type":"page","link":"https:\/\/patricktravelservices.com\/?page_id=316","title":{"rendered":"Assistance logement"},"content":{"rendered":"\t\t<div data-elementor-type=\"wp-page\" data-elementor-id=\"316\" class=\"elementor elementor-316\">\n\t\t\t\t\t\t\t\t\t<section class=\"elementor-section elementor-top-section elementor-element elementor-element-c003461 elementor-section-boxed elementor-section-height-default elementor-section-height-default\" data-id=\"c003461\" data-element_type=\"section\">\n\t\t\t\t\t\t<div class=\"elementor-container elementor-column-gap-default\">\n\t\t\t\t\t<div class=\"elementor-column elementor-col-100 elementor-top-column elementor-element elementor-element-a2bfd81\" data-id=\"a2bfd81\" data-element_type=\"column\">\n\t\t\t<div class=\"elementor-widget-wrap elementor-element-populated\">\n\t\t\t\t\t\t\t\t<div class=\"elementor-element elementor-element-18a3594 elementor-widget elementor-widget-heading\" data-id=\"18a3594\" data-element_type=\"widget\" data-widget_type=\"heading.default\">\n\t\t\t\t<div class=\"elementor-widget-container\">\n\t\t\t<style>\/*! elementor - v3.10.0 - 09-01-2023 *\/\n.elementor-heading-title{padding:0;margin:0;line-height:1}.elementor-widget-heading .elementor-heading-title[class*=elementor-size-]>a{color:inherit;font-size:inherit;line-height:inherit}.elementor-widget-heading .elementor-heading-title.elementor-size-small{font-size:15px}.elementor-widget-heading .elementor-heading-title.elementor-size-medium{font-size:19px}.elementor-widget-heading .elementor-heading-title.elementor-size-large{font-size:29px}.elementor-widget-heading .elementor-heading-title.elementor-size-xl{font-size:39px}.elementor-widget-heading .elementor-heading-title.elementor-size-xxl{font-size:59px}<\/style><h2 class=\"elementor-heading-title elementor-size-default\">Assistance logement\u00a0<\/h2>\t\t<\/div>\n\t\t\t\t<\/div>\n\t\t\t\t<div class=\"elementor-element elementor-element-0fb3e66 elementor-widget elementor-widget-image\" data-id=\"0fb3e66\" data-element_type=\"widget\" data-widget_type=\"image.default\">\n\t\t\t\t<div class=\"elementor-widget-container\">\n\t\t\t<style>\/*! elementor - v3.10.0 - 09-01-2023 *\/\n.elementor-widget-image{text-align:center}.elementor-widget-image a{display:inline-block}.elementor-widget-image a img[src$=\".svg\"]{width:48px}.elementor-widget-image img{vertical-align:middle;display:inline-block}<\/style>\t\t\t\t\t\t\t\t\t\t\t\t<img decoding=\"async\" width=\"1800\" height=\"1800\" src=\"https:\/\/patricktravelservices.com\/wp-content\/uploads\/2023\/03\/BOURSE-DETUDES-EN-2.png\" class=\"attachment-full size-full wp-image-1194\" alt=\"\" loading=\"lazy\" srcset=\"https:\/\/patricktravelservices.com\/wp-content\/uploads\/2023\/03\/BOURSE-DETUDES-EN-2.png 1800w, https:\/\/patricktravelservices.com\/wp-content\/uploads\/2023\/03\/BOURSE-DETUDES-EN-2-300x300.png 300w, https:\/\/patricktravelservices.com\/wp-content\/uploads\/2023\/03\/BOURSE-DETUDES-EN-2-1024x1024.png 1024w, https:\/\/patricktravelservices.com\/wp-content\/uploads\/2023\/03\/BOURSE-DETUDES-EN-2-150x150.png 150w, https:\/\/patricktravelservices.com\/wp-content\/uploads\/2023\/03\/BOURSE-DETUDES-EN-2-768x768.png 768w, https:\/\/patricktravelservices.com\/wp-content\/uploads\/2023\/03\/BOURSE-DETUDES-EN-2-1536x1536.png 1536w\" sizes=\"(max-width: 1800px) 100vw, 1800px\" \/>\t\t\t\t\t\t\t\t\t\t\t\t\t\t\t<\/div>\n\t\t\t\t<\/div>\n\t\t\t\t<div class=\"elementor-element elementor-element-18a1cff elementor-widget elementor-widget-text-editor\" data-id=\"18a1cff\" data-element_type=\"widget\" data-widget_type=\"text-editor.default\">\n\t\t\t\t<div class=\"elementor-widget-container\">\n\t\t\t<style>\/*! elementor - v3.10.0 - 09-01-2023 *\/\n.elementor-widget-text-editor.elementor-drop-cap-view-stacked .elementor-drop-cap{background-color:#818a91;color:#fff}.elementor-widget-text-editor.elementor-drop-cap-view-framed .elementor-drop-cap{color:#818a91;border:3px solid;background-color:transparent}.elementor-widget-text-editor:not(.elementor-drop-cap-view-default) .elementor-drop-cap{margin-top:8px}.elementor-widget-text-editor:not(.elementor-drop-cap-view-default) .elementor-drop-cap-letter{width:1em;height:1em}.elementor-widget-text-editor .elementor-drop-cap{float:left;text-align:center;line-height:1;font-size:50px}.elementor-widget-text-editor .elementor-drop-cap-letter{display:inline-block}<\/style>\t\t\t\t<p><strong>Prestation de Service d&#8217;Assistance Logement<\/strong><\/p><p>Notre soci\u00e9t\u00e9 est sp\u00e9cialis\u00e9e dans l&#8217;assistance logement pour les \u00c9tudiants,particuliers et les professionnels. Nous proposons une gamme compl\u00e8te de services pour aider nos clients \u00e0 trouver et \u00e0 louer des logements qui r\u00e9pondent \u00e0 leurs besoins et \u00e0 leurs exigences. Notre \u00e9quipe exp\u00e9riment\u00e9e est \u00e0 l&#8217;\u00e9coute de vos besoins et travaille avec vous pour trouver des solutions adapt\u00e9es \u00e0 votre situation.<\/p><p><strong>Description des services :<\/strong><br \/>Nous offrons une large gamme de services, y compris :<\/p><p><strong>Recherche de logements :<\/strong> Nous recherchons des logements en fonction de vos crit\u00e8res de recherche, tels que le budget, la taille, l&#8217;emplacement, les \u00e9quipements, etc. Nous pouvons \u00e9galement vous accompagner dans les visites de logements.<br \/><strong>N\u00e9gociation des contrats de location :<\/strong> Nous aidons nos clients \u00e0 n\u00e9gocier les termes et les conditions des contrats de location afin de garantir leurs int\u00e9r\u00eats.<br \/><strong>Assistance administrative :<\/strong> Nous assistons nos clients dans toutes les d\u00e9marches administratives li\u00e9es \u00e0 la location d&#8217;un logement, y compris la signature des contrats, la demande de garanties locatives, etc.<br \/><strong>Conseils juridiques :<\/strong> Nous offrons des conseils juridiques pour garantir que nos clients respectent toutes les lois et les r\u00e9glementations applicables en mati\u00e8re de location de logements.<\/p><p><strong>Nos tarifs varient en fonction des services que vous choisissez. Nous proposons des tarifs forfaitaires et des tarifs horaires pour garantir que nos clients b\u00e9n\u00e9ficient de services adapt\u00e9s \u00e0 leurs besoins et \u00e0 leur budget.<\/strong><\/p><p>Si vous \u00eates \u00e0 la recherche d&#8217;une assistance logement <br \/>efficace, n&#8217;h\u00e9sitez pas \u00e0 faire appel \u00e0 notre soci\u00e9t\u00e9. Nous sommes l\u00e0 pour vous aider \u00e0 trouver le logement parfait qui correspond \u00e0 vos besoins et \u00e0 vos exigences. Contactez-nous d\u00e8s aujourd&#8217;hui pour en savoir plus sur nos services et nos tarifs.<\/p><p><strong>Pour toutes demandes de Logement bien vouloir nous fournir :<\/strong><\/p><p>1- Votre nom et pr\u00e9nom<\/p><p>2- le pays dans lequel vous d\u00e9sirez vous loger<\/p><p>3- votre pays de r\u00e9sidence actuelle ; la ville et le num\u00e9ro de la rue<\/p><p>4-Votre passeport<\/p><p>5- votre garant ( si vous en avez )<\/p><p>6- la ville o\u00f9 vous souhaitez r\u00e9sider<\/p><p><strong>NB : Si vous \u00eates \u00c9tudiant nous fournir en plus votre lettre d\u2019admission ou preuve que vous \u00eates scolaris\u00e9 si vous \u00eates nouveau sur le Territoire<\/strong><\/p>\t\t\t\t\t\t<\/div>\n\t\t\t\t<\/div>\n\t\t\t\t\t<\/div>\n\t\t<\/div>\n\t\t\t\t\t\t\t<\/div>\n\t\t<\/section>\n\t\t\t\t\t\t\t<\/div>\n\t\t","protected":false},"excerpt":{"rendered":"<p>Assistance logement\u00a0 Prestation de Service d&#8217;Assistance Logement Notre soci\u00e9t\u00e9 est sp\u00e9cialis\u00e9e dans l&#8217;assistance logement pour les \u00c9tudiants,particuliers et les professionnels. Nous proposons une gamme compl\u00e8te de services pour aider nos clients \u00e0 trouver et \u00e0 louer des logements qui r\u00e9pondent \u00e0 leurs besoins et \u00e0 leurs exigences. Notre \u00e9quipe exp\u00e9riment\u00e9e est \u00e0 l&#8217;\u00e9coute de vos &hellip;<\/p>\n<p class=\"read-more\"> <a class=\"\" href=\"https:\/\/patricktravelservices.com\/?page_id=316\"> <span class=\"screen-reader-text\">Assistance logement<\/span> Read More &raquo;<\/a><\/p>\n","protected":false},"author":1,"featured_media":0,"parent":0,"menu_order":0,"comment_status":"closed","ping_status":"closed","template":"","meta":{"site-sidebar-layout":"no-sidebar","site-content-layout":"page-builder","ast-global-header-display":"","ast-main-header-display":"","ast-hfb-above-header-display":"","ast-hfb-below-header-display":"","ast-hfb-mobile-header-display":"","site-post-title":"disabled","ast-breadcrumbs-content":"","ast-featured-img":"disabled","footer-sml-layout":"","theme-transparent-header-meta":"","adv-header-id-meta":"","stick-header-meta":"","header-above-stick-meta":"","header-main-stick-meta":"","header-below-stick-meta":""},"_links":{"self":[{"href":"https:\/\/patricktravelservices.com\/index.php?rest_route=\/wp\/v2\/pages\/316"}],"collection":[{"href":"https:\/\/patricktravelservices.com\/index.php?rest_route=\/wp\/v2\/pages"}],"about":[{"href":"https:\/\/patricktravelservices.com\/index.php?rest_route=\/wp\/v2\/types\/page"}],"author":[{"embeddable":true,"href":"https:\/\/patricktravelservices.com\/index.php?rest_route=\/wp\/v2\/users\/1"}],"replies":[{"embeddable":true,"href":"https:\/\/patricktravelservices.com\/index.php?rest_route=%2Fwp%2Fv2%2Fcomments&post=316"}],"version-history":[{"count":19,"href":"https:\/\/patricktravelservices.com\/index.php?rest_route=\/wp\/v2\/pages\/316\/revisions"}],"predecessor-version":[{"id":1278,"href":"https:\/\/patricktravelservices.com\/index.php?rest_route=\/wp\/v2\/pages\/316\/revisions\/1278"}],"wp:attachment":[{"href":"https:\/\/patricktravelservices.com\/index.php?rest_route=%2Fwp%2Fv2%2Fmedia&parent=316"}],"curies":[{"name":"wp","href":"https:\/\/api.w.org\/{rel}","templated":true}]}}