{"id":311,"date":"2023-01-16T23:16:10","date_gmt":"2023-01-16T23:16:10","guid":{"rendered":"http:\/\/patricktravelservices.com\/?page_id=311"},"modified":"2023-04-16T13:32:06","modified_gmt":"2023-04-16T13:32:06","slug":"billets-davions","status":"publish","type":"page","link":"https:\/\/patricktravelservices.com\/?page_id=311","title":{"rendered":"Billets d&#8217;avions"},"content":{"rendered":"\t\t<div data-elementor-type=\"wp-page\" data-elementor-id=\"311\" class=\"elementor elementor-311\">\n\t\t\t\t\t\t\t\t\t<section class=\"elementor-section elementor-top-section elementor-element elementor-element-5f7af74 elementor-section-boxed elementor-section-height-default elementor-section-height-default\" data-id=\"5f7af74\" data-element_type=\"section\">\n\t\t\t\t\t\t<div class=\"elementor-container elementor-column-gap-default\">\n\t\t\t\t\t<div class=\"elementor-column elementor-col-100 elementor-top-column elementor-element elementor-element-1b5c861\" data-id=\"1b5c861\" data-element_type=\"column\">\n\t\t\t<div class=\"elementor-widget-wrap elementor-element-populated\">\n\t\t\t\t\t\t\t\t<div class=\"elementor-element elementor-element-e848fd5 elementor-widget elementor-widget-heading\" data-id=\"e848fd5\" data-element_type=\"widget\" data-widget_type=\"heading.default\">\n\t\t\t\t<div class=\"elementor-widget-container\">\n\t\t\t<style>\/*! elementor - v3.10.0 - 09-01-2023 *\/\n.elementor-heading-title{padding:0;margin:0;line-height:1}.elementor-widget-heading .elementor-heading-title[class*=elementor-size-]>a{color:inherit;font-size:inherit;line-height:inherit}.elementor-widget-heading .elementor-heading-title.elementor-size-small{font-size:15px}.elementor-widget-heading .elementor-heading-title.elementor-size-medium{font-size:19px}.elementor-widget-heading .elementor-heading-title.elementor-size-large{font-size:29px}.elementor-widget-heading .elementor-heading-title.elementor-size-xl{font-size:39px}.elementor-widget-heading .elementor-heading-title.elementor-size-xxl{font-size:59px}<\/style><h2 class=\"elementor-heading-title elementor-size-default\">Billet d\u2019avion\u00a0<\/h2>\t\t<\/div>\n\t\t\t\t<\/div>\n\t\t\t\t<div class=\"elementor-element elementor-element-9b56c8f elementor-widget elementor-widget-image\" data-id=\"9b56c8f\" data-element_type=\"widget\" data-widget_type=\"image.default\">\n\t\t\t\t<div class=\"elementor-widget-container\">\n\t\t\t<style>\/*! elementor - v3.10.0 - 09-01-2023 *\/\n.elementor-widget-image{text-align:center}.elementor-widget-image a{display:inline-block}.elementor-widget-image a img[src$=\".svg\"]{width:48px}.elementor-widget-image img{vertical-align:middle;display:inline-block}<\/style>\t\t\t\t\t\t\t\t\t\t\t\t<img decoding=\"async\" width=\"1024\" height=\"1024\" src=\"https:\/\/patricktravelservices.com\/wp-content\/uploads\/2023\/02\/BOURSE-DETUDES-EN-1-1024x1024.png\" class=\"attachment-large size-large wp-image-946\" alt=\"\" loading=\"lazy\" srcset=\"https:\/\/patricktravelservices.com\/wp-content\/uploads\/2023\/02\/BOURSE-DETUDES-EN-1-1024x1024.png 1024w, https:\/\/patricktravelservices.com\/wp-content\/uploads\/2023\/02\/BOURSE-DETUDES-EN-1-300x300.png 300w, https:\/\/patricktravelservices.com\/wp-content\/uploads\/2023\/02\/BOURSE-DETUDES-EN-1-150x150.png 150w, https:\/\/patricktravelservices.com\/wp-content\/uploads\/2023\/02\/BOURSE-DETUDES-EN-1-768x768.png 768w, https:\/\/patricktravelservices.com\/wp-content\/uploads\/2023\/02\/BOURSE-DETUDES-EN-1-1536x1536.png 1536w, https:\/\/patricktravelservices.com\/wp-content\/uploads\/2023\/02\/BOURSE-DETUDES-EN-1.png 1800w\" sizes=\"(max-width: 1024px) 100vw, 1024px\" \/>\t\t\t\t\t\t\t\t\t\t\t\t\t\t\t<\/div>\n\t\t\t\t<\/div>\n\t\t\t\t<div class=\"elementor-element elementor-element-59fc879 elementor-widget elementor-widget-text-editor\" data-id=\"59fc879\" data-element_type=\"widget\" data-widget_type=\"text-editor.default\">\n\t\t\t\t<div class=\"elementor-widget-container\">\n\t\t\t<style>\/*! elementor - v3.10.0 - 09-01-2023 *\/\n.elementor-widget-text-editor.elementor-drop-cap-view-stacked .elementor-drop-cap{background-color:#818a91;color:#fff}.elementor-widget-text-editor.elementor-drop-cap-view-framed .elementor-drop-cap{color:#818a91;border:3px solid;background-color:transparent}.elementor-widget-text-editor:not(.elementor-drop-cap-view-default) .elementor-drop-cap{margin-top:8px}.elementor-widget-text-editor:not(.elementor-drop-cap-view-default) .elementor-drop-cap-letter{width:1em;height:1em}.elementor-widget-text-editor .elementor-drop-cap{float:left;text-align:center;line-height:1;font-size:50px}.elementor-widget-text-editor .elementor-drop-cap-letter{display:inline-block}<\/style>\t\t\t\t<p><strong>Nous proposons des vols vers de nombreuses destinations \u00e0 travers le monde, pour des clients individuels et professionnels.<\/strong><\/p><p>Notre objectif est de fournir \u00e0 nos clients des billets d&#8217;avion de qualit\u00e9, au meilleur prix possible, tout en offrant un service client exceptionnel. Nous voulons nous assurer que chaque client est satisfait de son exp\u00e9rience avec nous.<\/p><p>Notre prestation consiste \u00e0 offrir une large gamme de billets d&#8217;avion pour r\u00e9pondre aux besoins de nos clients. Nous travaillons avec de nombreuses compagnies a\u00e9riennes pour proposer des vols vers des destinations dans le monde entier. Nous offrons \u00e9galement des services compl\u00e9mentaires tels que des assurances de voyage et des r\u00e9servations d&#8217;h\u00f4tels.<\/p><p><strong>Processus de commande et de livraison<\/strong><br \/>Le processus de commande de billets d&#8217;avion est simple. Nos clients peuvent nous contacter par t\u00e9l\u00e9phone, par e-mail ou via notre site web pour obtenir un devis ou effectuer une r\u00e9servation. Nous veillons \u00e0 ce que nos clients soient inform\u00e9s de toutes les options disponibles pour leur voyage, telles que les diff\u00e9rents horaires, les escales, les compagnies a\u00e9riennes, etc.<\/p><p>Nous livrons les billets d&#8217;avion directement aux clients ou nous les envoyons par e-mail. Nous sommes \u00e9galement disponibles pour aider les clients avec toutes les formalit\u00e9s li\u00e9es \u00e0 leur voyage.<\/p><p>Nous mettons l&#8217;accent sur le service client et nous nous engageons \u00e0 r\u00e9pondre \u00e0 toutes les demandes de nos clients dans les plus brefs d\u00e9lais. Notre personnel est comp\u00e9tent et sympathique, et est \u00e0 la disposition des clients pour les aider avec toutes les questions ou pr\u00e9occupations qu&#8217;ils pourraient avoir avant ou pendant leur voyage.<\/p><p>Nous offrons des tarifs comp\u00e9titifs pour nos billets d&#8217;avion et nous sommes en mesure de proposer des tarifs pr\u00e9f\u00e9rentiels pour les groupes de voyageurs. Nous fournissons \u00e9galement des devis transparents qui d\u00e9taillent les co\u00fbts associ\u00e9s \u00e0 chaque option de voyage.<\/p><p>Nous offrons une garantie de satisfaction \u00e0 nos clients. Si un client n&#8217;est pas satisfait de son achat, nous ferons tout notre possible pour trouver une solution satisfaisante.<\/p><p><strong>Informations N\u00e9cessaires pour l\u2019achat d\u2019un billet d\u2019avion\u00a0<\/strong><\/p><p>\u2013 Votre num\u00e9ro de passeport<\/p><p>\u2013 Nom et pr\u00e9nom<\/p><p>-date de naissance<\/p><p>-pays de residence<\/p><p>-Pays de destination<\/p><p>-date de depart pr\u00e9vu par le Voyageur<\/p><p>-date d\u2019arriver pr\u00e9vu par le Voyageur<\/p><p><strong>\u2013 Si il s\u2019agit d\u2019un aller retour bien vouloir indiquer la date de retour<\/strong><\/p><p>\u2013 Nous Indiqu\u00e9 si vous avez une pr\u00e9f\u00e9rence pour une Compagnie a\u00e9rienne<\/p><p>-Nombres de Kilos Souhait\u00e9 ( bagages )<\/p><p>-Indiquer dans quel classe vous voyager ( \u00c9conomique ou business )<\/p><p>\u2013 Numero de telephone<\/p><p>-adresse mail<\/p>\t\t\t\t\t\t<\/div>\n\t\t\t\t<\/div>\n\t\t\t\t\t<\/div>\n\t\t<\/div>\n\t\t\t\t\t\t\t<\/div>\n\t\t<\/section>\n\t\t\t\t\t\t\t<\/div>\n\t\t","protected":false},"excerpt":{"rendered":"<p>Billet d\u2019avion\u00a0 Nous proposons des vols vers de nombreuses destinations \u00e0 travers le monde, pour des clients individuels et professionnels. Notre objectif est de fournir \u00e0 nos clients des billets d&#8217;avion de qualit\u00e9, au meilleur prix possible, tout en offrant un service client exceptionnel. Nous voulons nous assurer que chaque client est satisfait de son &hellip;<\/p>\n<p class=\"read-more\"> <a class=\"\" href=\"https:\/\/patricktravelservices.com\/?page_id=311\"> <span class=\"screen-reader-text\">Billets d&#8217;avions<\/span> Read More &raquo;<\/a><\/p>\n","protected":false},"author":1,"featured_media":0,"parent":0,"menu_order":0,"comment_status":"closed","ping_status":"closed","template":"","meta":{"site-sidebar-layout":"no-sidebar","site-content-layout":"page-builder","ast-global-header-display":"","ast-main-header-display":"","ast-hfb-above-header-display":"","ast-hfb-below-header-display":"","ast-hfb-mobile-header-display":"","site-post-title":"disabled","ast-breadcrumbs-content":"","ast-featured-img":"disabled","footer-sml-layout":"","theme-transparent-header-meta":"","adv-header-id-meta":"","stick-header-meta":"","header-above-stick-meta":"","header-main-stick-meta":"","header-below-stick-meta":""},"_links":{"self":[{"href":"https:\/\/patricktravelservices.com\/index.php?rest_route=\/wp\/v2\/pages\/311"}],"collection":[{"href":"https:\/\/patricktravelservices.com\/index.php?rest_route=\/wp\/v2\/pages"}],"about":[{"href":"https:\/\/patricktravelservices.com\/index.php?rest_route=\/wp\/v2\/types\/page"}],"author":[{"embeddable":true,"href":"https:\/\/patricktravelservices.com\/index.php?rest_route=\/wp\/v2\/users\/1"}],"replies":[{"embeddable":true,"href":"https:\/\/patricktravelservices.com\/index.php?rest_route=%2Fwp%2Fv2%2Fcomments&post=311"}],"version-history":[{"count":28,"href":"https:\/\/patricktravelservices.com\/index.php?rest_route=\/wp\/v2\/pages\/311\/revisions"}],"predecessor-version":[{"id":1275,"href":"https:\/\/patricktravelservices.com\/index.php?rest_route=\/wp\/v2\/pages\/311\/revisions\/1275"}],"wp:attachment":[{"href":"https:\/\/patricktravelservices.com\/index.php?rest_route=%2Fwp%2Fv2%2Fmedia&parent=311"}],"curies":[{"name":"wp","href":"https:\/\/api.w.org\/{rel}","templated":true}]}}