{"id":305,"date":"2023-01-16T23:14:47","date_gmt":"2023-01-16T23:14:47","guid":{"rendered":"http:\/\/patricktravelservices.com\/?page_id=305"},"modified":"2023-04-16T13:29:23","modified_gmt":"2023-04-16T13:29:23","slug":"admissions","status":"publish","type":"page","link":"https:\/\/patricktravelservices.com\/?page_id=305","title":{"rendered":"Admissions"},"content":{"rendered":"\t\t<div data-elementor-type=\"wp-page\" data-elementor-id=\"305\" class=\"elementor elementor-305\">\n\t\t\t\t\t\t\t\t\t<section class=\"elementor-section elementor-top-section elementor-element elementor-element-9701f33 elementor-section-boxed elementor-section-height-default elementor-section-height-default\" data-id=\"9701f33\" data-element_type=\"section\">\n\t\t\t\t\t\t<div class=\"elementor-container elementor-column-gap-default\">\n\t\t\t\t\t<div class=\"elementor-column elementor-col-100 elementor-top-column elementor-element elementor-element-26b5d08\" data-id=\"26b5d08\" data-element_type=\"column\">\n\t\t\t<div class=\"elementor-widget-wrap elementor-element-populated\">\n\t\t\t\t\t\t\t\t<div class=\"elementor-element elementor-element-93f9d04 elementor-widget elementor-widget-heading\" data-id=\"93f9d04\" data-element_type=\"widget\" data-widget_type=\"heading.default\">\n\t\t\t\t<div class=\"elementor-widget-container\">\n\t\t\t<style>\/*! elementor - v3.10.0 - 09-01-2023 *\/\n.elementor-heading-title{padding:0;margin:0;line-height:1}.elementor-widget-heading .elementor-heading-title[class*=elementor-size-]>a{color:inherit;font-size:inherit;line-height:inherit}.elementor-widget-heading .elementor-heading-title.elementor-size-small{font-size:15px}.elementor-widget-heading .elementor-heading-title.elementor-size-medium{font-size:19px}.elementor-widget-heading .elementor-heading-title.elementor-size-large{font-size:29px}.elementor-widget-heading .elementor-heading-title.elementor-size-xl{font-size:39px}.elementor-widget-heading .elementor-heading-title.elementor-size-xxl{font-size:59px}<\/style><h2 class=\"elementor-heading-title elementor-size-default\">Retrouvez ici la procedure d'admission pour chaque pays<\/h2>\t\t<\/div>\n\t\t\t\t<\/div>\n\t\t\t\t\t<\/div>\n\t\t<\/div>\n\t\t\t\t\t\t\t<\/div>\n\t\t<\/section>\n\t\t\t\t<section class=\"elementor-section elementor-top-section elementor-element elementor-element-b624a9f elementor-section-boxed elementor-section-height-default elementor-section-height-default\" data-id=\"b624a9f\" data-element_type=\"section\">\n\t\t\t\t\t\t<div class=\"elementor-container elementor-column-gap-default\">\n\t\t\t\t\t<div class=\"elementor-column elementor-col-100 elementor-top-column elementor-element elementor-element-8024c1e\" data-id=\"8024c1e\" data-element_type=\"column\">\n\t\t\t<div class=\"elementor-widget-wrap elementor-element-populated\">\n\t\t\t\t\t\t\t\t<div class=\"elementor-element elementor-element-7c3d9c1 elementor-widget elementor-widget-image\" data-id=\"7c3d9c1\" data-element_type=\"widget\" data-widget_type=\"image.default\">\n\t\t\t\t<div class=\"elementor-widget-container\">\n\t\t\t<style>\/*! elementor - v3.10.0 - 09-01-2023 *\/\n.elementor-widget-image{text-align:center}.elementor-widget-image a{display:inline-block}.elementor-widget-image a img[src$=\".svg\"]{width:48px}.elementor-widget-image img{vertical-align:middle;display:inline-block}<\/style>\t\t\t\t\t\t\t\t\t\t\t\t<img decoding=\"async\" width=\"1024\" height=\"1024\" src=\"https:\/\/patricktravelservices.com\/wp-content\/uploads\/2023\/03\/BOURSE-DETUDES-EN-1-1-1024x1024.png\" class=\"attachment-large size-large wp-image-1189\" alt=\"\" loading=\"lazy\" srcset=\"https:\/\/patricktravelservices.com\/wp-content\/uploads\/2023\/03\/BOURSE-DETUDES-EN-1-1-1024x1024.png 1024w, https:\/\/patricktravelservices.com\/wp-content\/uploads\/2023\/03\/BOURSE-DETUDES-EN-1-1-300x300.png 300w, https:\/\/patricktravelservices.com\/wp-content\/uploads\/2023\/03\/BOURSE-DETUDES-EN-1-1-150x150.png 150w, https:\/\/patricktravelservices.com\/wp-content\/uploads\/2023\/03\/BOURSE-DETUDES-EN-1-1-768x768.png 768w, https:\/\/patricktravelservices.com\/wp-content\/uploads\/2023\/03\/BOURSE-DETUDES-EN-1-1-1536x1536.png 1536w, https:\/\/patricktravelservices.com\/wp-content\/uploads\/2023\/03\/BOURSE-DETUDES-EN-1-1.png 1800w\" sizes=\"(max-width: 1024px) 100vw, 1024px\" \/>\t\t\t\t\t\t\t\t\t\t\t\t\t\t\t<\/div>\n\t\t\t\t<\/div>\n\t\t\t\t\t<\/div>\n\t\t<\/div>\n\t\t\t\t\t\t\t<\/div>\n\t\t<\/section>\n\t\t\t\t<section class=\"elementor-section elementor-top-section elementor-element elementor-element-47ae55e elementor-section-boxed elementor-section-height-default elementor-section-height-default\" data-id=\"47ae55e\" data-element_type=\"section\">\n\t\t\t\t\t\t<div class=\"elementor-container elementor-column-gap-default\">\n\t\t\t\t\t<div class=\"elementor-column elementor-col-100 elementor-top-column elementor-element elementor-element-75bd497\" data-id=\"75bd497\" data-element_type=\"column\">\n\t\t\t<div class=\"elementor-widget-wrap elementor-element-populated\">\n\t\t\t\t\t\t\t\t<div class=\"elementor-element elementor-element-83d91ec elementor-widget elementor-widget-text-editor\" data-id=\"83d91ec\" data-element_type=\"widget\" data-widget_type=\"text-editor.default\">\n\t\t\t\t<div class=\"elementor-widget-container\">\n\t\t\t<style>\/*! elementor - v3.10.0 - 09-01-2023 *\/\n.elementor-widget-text-editor.elementor-drop-cap-view-stacked .elementor-drop-cap{background-color:#818a91;color:#fff}.elementor-widget-text-editor.elementor-drop-cap-view-framed .elementor-drop-cap{color:#818a91;border:3px solid;background-color:transparent}.elementor-widget-text-editor:not(.elementor-drop-cap-view-default) .elementor-drop-cap{margin-top:8px}.elementor-widget-text-editor:not(.elementor-drop-cap-view-default) .elementor-drop-cap-letter{width:1em;height:1em}.elementor-widget-text-editor .elementor-drop-cap{float:left;text-align:center;line-height:1;font-size:50px}.elementor-widget-text-editor .elementor-drop-cap-letter{display:inline-block}<\/style>\t\t\t\t<p>Notre soci\u00e9t\u00e9 est sp\u00e9cialis\u00e9e dans l&#8217;aide \u00e0 l&#8217;admission dans les \u00e9coles pour les \u00e9tudiants et les parents qui cherchent \u00e0 maximiser leurs chances d&#8217;\u00eatre admis dans les \u00e9coles de leur choix. Nous avons une \u00e9quipe exp\u00e9riment\u00e9e de conseillers en admission qui sont \u00e0 l&#8217;\u00e9coute de vos besoins et travaillent avec vous pour \u00e9laborer une strat\u00e9gie d&#8217;admission r\u00e9ussie.<\/p><p><strong>Description de nos services :<\/strong><br \/>Nous offrons une large gamme de services, y compris :<\/p><p><strong>-\u00c9valuation de profil :<\/strong> Nous \u00e9valuons votre profil acad\u00e9mique, vos r\u00e9alisations, vos comp\u00e9tences et vos int\u00e9r\u00eats pour vous aider \u00e0 choisir les \u00e9coles qui vous conviennent le mieux.<\/p><p><strong>-Pr\u00e9paration aux examens :<\/strong> Nous vous aidons \u00e0 vous pr\u00e9parer aux examens d&#8217;admission, tels que le SAT, l&#8217;ACT, le GMAT, le GRE, etc.<\/p><p><strong>-R\u00e9daction de lettres de motivation et de CV :<\/strong> Nous vous aidons \u00e0 r\u00e9diger des lettres de motivation et des CV professionnels pour augmenter vos chances d&#8217;\u00eatre s\u00e9lectionn\u00e9.<\/p><p><strong>-Pr\u00e9paration aux entretiens :<\/strong> Nous vous pr\u00e9parons aux entretiens d&#8217;admission en vous donnant des conseils et en vous aidant \u00e0 vous entra\u00eener \u00e0 r\u00e9pondre aux questions fr\u00e9quentes.<br \/>Conseils sur les programmes d&#8217;\u00e9tudes : Nous vous donnons des conseils sur les programmes d&#8217;\u00e9tudes offerts par les \u00e9coles pour vous aider \u00e0 choisir celui qui convient le mieux \u00e0 vos int\u00e9r\u00eats et \u00e0 vos objectifs de carri\u00e8re.<\/p><p><strong>-Assistance administrative :<\/strong> Nous vous assistons dans toutes les d\u00e9marches administratives li\u00e9es \u00e0 l&#8217;admission dans les \u00e9coles, y compris la demande de bourses d&#8217;\u00e9tudes, la demande de visas, etc.<\/p><p><strong>Nos tarifs varient en fonction des services que vous choisissez. Nous proposons des tarifs forfaitaires et des tarifs horaires pour garantir que nos clients b\u00e9n\u00e9ficient de services adapt\u00e9s \u00e0 leurs besoins et \u00e0 leur budget.<\/strong><\/p><p>Si vous cherchez une aide professionnelle et efficace pour maximiser vos chances d&#8217;\u00eatre admis dans les \u00e9coles de votre choix, n&#8217;h\u00e9sitez pas \u00e0 faire appel \u00e0 notre soci\u00e9t\u00e9. Nous sommes l\u00e0 pour vous aider \u00e0 \u00e9laborer une strat\u00e9gie d&#8217;admission r\u00e9ussie et \u00e0 vous guider tout au long du processus d&#8217;admission. Contactez-nous d\u00e8s aujourd&#8217;hui pour en savoir plus sur nos services et nos tarifs.<\/p><p><strong>NB: Admission 100% garantie\u00a0<\/strong><\/p><p>Pour les demandes d\u2019admission bien vouloir nous indiquer<\/p><p>0- votre pays de destination<\/p><p>1- votre ville , adresse code postal de r\u00e9sidence <br \/>2- num\u00e9ro de t\u00e9l\u00e9phone et adresse mail<br \/>3- derniers \u00e9tablissement fr\u00e9quenter <br \/>4- pays de r\u00e9sidence <br \/>5- niveau intellectuel<\/p><p><strong>Documents \u00e0 fournir<\/strong><\/p><p>1-Carte nationale d\u2019identit\u00e9 ou passeport si vous l\u2019avez d\u00e9j\u00e0 <br \/>2- photo d\u2019identit\u00e9 <br \/>3- rel\u00e8ve de notre bac <br \/>4- dipl\u00f4me bac<br \/>5- derniers dipl\u00f4me obtenue <br \/>6- relev\u00e9 de note des 3 derni\u00e8res ann\u00e9es <br \/>7- cv ( facultatif)<br \/>8- lettre de motivation ( facultative )<\/p>\t\t\t\t\t\t<\/div>\n\t\t\t\t<\/div>\n\t\t\t\t\t<\/div>\n\t\t<\/div>\n\t\t\t\t\t\t\t<\/div>\n\t\t<\/section>\n\t\t\t\t<section class=\"elementor-section elementor-top-section elementor-element elementor-element-6ea3fc1 elementor-section-boxed elementor-section-height-default elementor-section-height-default\" data-id=\"6ea3fc1\" data-element_type=\"section\">\n\t\t\t\t\t\t<div class=\"elementor-container elementor-column-gap-default\">\n\t\t\t\t\t<div class=\"elementor-column elementor-col-100 elementor-top-column elementor-element elementor-element-c0fe80e\" data-id=\"c0fe80e\" data-element_type=\"column\">\n\t\t\t<div class=\"elementor-widget-wrap elementor-element-populated\">\n\t\t\t\t\t\t\t\t<div class=\"elementor-element elementor-element-2e09f6a elementor-align-center elementor-widget elementor-widget-button\" data-id=\"2e09f6a\" data-element_type=\"widget\" data-widget_type=\"button.default\">\n\t\t\t\t<div class=\"elementor-widget-container\">\n\t\t\t\t\t<div class=\"elementor-button-wrapper\">\n\t\t\t<a href=\"https:\/\/wa.me\/c\/33774099261\" class=\"elementor-button-link elementor-button elementor-size-xl\" role=\"button\">\n\t\t\t\t\t\t<span class=\"elementor-button-content-wrapper\">\n\t\t\t\t\t\t\t<span class=\"elementor-button-icon elementor-align-icon-right\">\n\t\t\t\t<i aria-hidden=\"true\" class=\"fab fa-whatsapp\"><\/i>\t\t\t<\/span>\n\t\t\t\t\t\t<span class=\"elementor-button-text\">Envoyer vos Informations<\/span>\n\t\t<\/span>\n\t\t\t\t\t<\/a>\n\t\t<\/div>\n\t\t\t\t<\/div>\n\t\t\t\t<\/div>\n\t\t\t\t\t<\/div>\n\t\t<\/div>\n\t\t\t\t\t\t\t<\/div>\n\t\t<\/section>\n\t\t\t\t\t\t\t<\/div>\n\t\t","protected":false},"excerpt":{"rendered":"<p>Retrouvez ici la procedure d&#8217;admission pour chaque pays Notre soci\u00e9t\u00e9 est sp\u00e9cialis\u00e9e dans l&#8217;aide \u00e0 l&#8217;admission dans les \u00e9coles pour les \u00e9tudiants et les parents qui cherchent \u00e0 maximiser leurs chances d&#8217;\u00eatre admis dans les \u00e9coles de leur choix. Nous avons une \u00e9quipe exp\u00e9riment\u00e9e de conseillers en admission qui sont \u00e0 l&#8217;\u00e9coute de vos besoins &hellip;<\/p>\n<p class=\"read-more\"> <a class=\"\" href=\"https:\/\/patricktravelservices.com\/?page_id=305\"> <span class=\"screen-reader-text\">Admissions<\/span> Read More &raquo;<\/a><\/p>\n","protected":false},"author":1,"featured_media":0,"parent":0,"menu_order":0,"comment_status":"closed","ping_status":"closed","template":"","meta":{"site-sidebar-layout":"no-sidebar","site-content-layout":"page-builder","ast-global-header-display":"","ast-main-header-display":"","ast-hfb-above-header-display":"","ast-hfb-below-header-display":"","ast-hfb-mobile-header-display":"","site-post-title":"disabled","ast-breadcrumbs-content":"","ast-featured-img":"disabled","footer-sml-layout":"","theme-transparent-header-meta":"","adv-header-id-meta":"","stick-header-meta":"","header-above-stick-meta":"","header-main-stick-meta":"","header-below-stick-meta":""},"_links":{"self":[{"href":"https:\/\/patricktravelservices.com\/index.php?rest_route=\/wp\/v2\/pages\/305"}],"collection":[{"href":"https:\/\/patricktravelservices.com\/index.php?rest_route=\/wp\/v2\/pages"}],"about":[{"href":"https:\/\/patricktravelservices.com\/index.php?rest_route=\/wp\/v2\/types\/page"}],"author":[{"embeddable":true,"href":"https:\/\/patricktravelservices.com\/index.php?rest_route=\/wp\/v2\/users\/1"}],"replies":[{"embeddable":true,"href":"https:\/\/patricktravelservices.com\/index.php?rest_route=%2Fwp%2Fv2%2Fcomments&post=305"}],"version-history":[{"count":31,"href":"https:\/\/patricktravelservices.com\/index.php?rest_route=\/wp\/v2\/pages\/305\/revisions"}],"predecessor-version":[{"id":1272,"href":"https:\/\/patricktravelservices.com\/index.php?rest_route=\/wp\/v2\/pages\/305\/revisions\/1272"}],"wp:attachment":[{"href":"https:\/\/patricktravelservices.com\/index.php?rest_route=%2Fwp%2Fv2%2Fmedia&parent=305"}],"curies":[{"name":"wp","href":"https:\/\/api.w.org\/{rel}","templated":true}]}}