{"id":1083,"date":"2023-03-22T20:21:11","date_gmt":"2023-03-22T20:21:11","guid":{"rendered":"https:\/\/patricktravelservices.com\/?page_id=1083"},"modified":"2023-03-22T20:47:00","modified_gmt":"2023-03-22T20:47:00","slug":"demarche-de-titre-de-sejour","status":"publish","type":"page","link":"https:\/\/patricktravelservices.com\/?page_id=1083","title":{"rendered":"Accueil et assistance demarche de titre de sejour"},"content":{"rendered":"\t\t<div data-elementor-type=\"wp-page\" data-elementor-id=\"1083\" class=\"elementor elementor-1083\">\n\t\t\t\t\t\t\t\t\t<section class=\"elementor-section elementor-top-section elementor-element elementor-element-891f730 elementor-section-boxed elementor-section-height-default elementor-section-height-default\" data-id=\"891f730\" data-element_type=\"section\">\n\t\t\t\t\t\t<div class=\"elementor-container elementor-column-gap-default\">\n\t\t\t\t\t<div class=\"elementor-column elementor-col-100 elementor-top-column elementor-element elementor-element-c53325a\" data-id=\"c53325a\" data-element_type=\"column\">\n\t\t\t<div class=\"elementor-widget-wrap elementor-element-populated\">\n\t\t\t\t\t\t\t\t<div class=\"elementor-element elementor-element-0c36208 elementor-widget elementor-widget-heading\" data-id=\"0c36208\" data-element_type=\"widget\" data-widget_type=\"heading.default\">\n\t\t\t\t<div class=\"elementor-widget-container\">\n\t\t\t<style>\/*! elementor - v3.10.0 - 09-01-2023 *\/\n.elementor-heading-title{padding:0;margin:0;line-height:1}.elementor-widget-heading .elementor-heading-title[class*=elementor-size-]>a{color:inherit;font-size:inherit;line-height:inherit}.elementor-widget-heading .elementor-heading-title.elementor-size-small{font-size:15px}.elementor-widget-heading .elementor-heading-title.elementor-size-medium{font-size:19px}.elementor-widget-heading .elementor-heading-title.elementor-size-large{font-size:29px}.elementor-widget-heading .elementor-heading-title.elementor-size-xl{font-size:39px}.elementor-widget-heading .elementor-heading-title.elementor-size-xxl{font-size:59px}<\/style><h2 class=\"elementor-heading-title elementor-size-default\"><h3 style=\"font-size: 22px; font-style: normal; font-family: Ubuntu, sans-serif; text-decoration-line: underline; text-align: center; white-space: normal;\"><a href=\"\">Accueil et assistance dans vos demarches de titre de sejour<\/a><\/h3><\/h2>\t\t<\/div>\n\t\t\t\t<\/div>\n\t\t\t\t\t<\/div>\n\t\t<\/div>\n\t\t\t\t\t\t\t<\/div>\n\t\t<\/section>\n\t\t\t\t<section class=\"elementor-section elementor-top-section elementor-element elementor-element-edb25f6 elementor-section-boxed elementor-section-height-default elementor-section-height-default\" data-id=\"edb25f6\" data-element_type=\"section\">\n\t\t\t\t\t\t<div class=\"elementor-container elementor-column-gap-default\">\n\t\t\t\t\t<div class=\"elementor-column elementor-col-100 elementor-top-column elementor-element elementor-element-14e2af1\" data-id=\"14e2af1\" data-element_type=\"column\">\n\t\t\t<div class=\"elementor-widget-wrap elementor-element-populated\">\n\t\t\t\t\t\t\t\t<div class=\"elementor-element elementor-element-93813ed elementor-widget elementor-widget-text-editor\" data-id=\"93813ed\" data-element_type=\"widget\" data-widget_type=\"text-editor.default\">\n\t\t\t\t<div class=\"elementor-widget-container\">\n\t\t\t<style>\/*! elementor - v3.10.0 - 09-01-2023 *\/\n.elementor-widget-text-editor.elementor-drop-cap-view-stacked .elementor-drop-cap{background-color:#818a91;color:#fff}.elementor-widget-text-editor.elementor-drop-cap-view-framed .elementor-drop-cap{color:#818a91;border:3px solid;background-color:transparent}.elementor-widget-text-editor:not(.elementor-drop-cap-view-default) .elementor-drop-cap{margin-top:8px}.elementor-widget-text-editor:not(.elementor-drop-cap-view-default) .elementor-drop-cap-letter{width:1em;height:1em}.elementor-widget-text-editor .elementor-drop-cap{float:left;text-align:center;line-height:1;font-size:50px}.elementor-widget-text-editor .elementor-drop-cap-letter{display:inline-block}<\/style>\t\t\t\t<p>Nous sommes une entreprise sp\u00e9cialis\u00e9e dans l&#8217;accueil \u00e0 l&#8217;a\u00e9roport, l&#8217;installation de nos clients dans leur domicile et l&#8217;assistance dans les d\u00e9marches de titre de s\u00e9jour. Nous avons l&#8217;exp\u00e9rience et les comp\u00e9tences n\u00e9cessaires pour vous offrir un service de qualit\u00e9, personnalis\u00e9 et adapt\u00e9 \u00e0 vos besoins.<\/p><p>Services propos\u00e9s :<br \/>Nous proposons une gamme compl\u00e8te de services pour vous aider \u00e0 vous installer en toute tranquillit\u00e9 en France. Voici un aper\u00e7u des services que nous offrons :<\/p><p>Accueil \u00e0 l&#8217;a\u00e9roport : nous viendrons vous chercher \u00e0 l&#8217;a\u00e9roport et nous vous accompagnerons jusqu&#8217;\u00e0 votre domicile en toute s\u00e9curit\u00e9.<\/p><p>Installation dans le domicile : nous vous aiderons \u00e0 trouver un logement confortable et adapt\u00e9 \u00e0 vos besoins. Nous nous occupons de tout, de la recherche de logement \u00e0 la signature du bail.<\/p><p>Assistance dans les d\u00e9marches de titre de s\u00e9jour : nous vous aiderons \u00e0 remplir les formulaires n\u00e9cessaires et \u00e0 rassembler les documents requis pour votre demande de titre de s\u00e9jour. Nous vous accompagnerons \u00e9galement lors de votre rendez-vous \u00e0 la pr\u00e9fecture.<\/p><p>Autres services personnalis\u00e9s : nous sommes \u00e0 votre disposition pour r\u00e9pondre \u00e0 toutes vos questions et pour vous aider dans tous les aspects de votre installation.<\/p><p>Nos tarifs sont comp\u00e9titifs et varient en fonction des services que vous choisissez. Nous vous fournirons un devis personnalis\u00e9 en fonction de vos besoins.<\/p><p>Nous sommes convaincus que nos services vous aideront \u00e0 vous installer en toute tranquillit\u00e9. N&#8217;h\u00e9sitez pas \u00e0 nous contacter pour plus d&#8217;informations ou pour demander un devis personnalis\u00e9. Nous serons ravis de vous aider dans toutes les \u00e9tapes de votre installation.<\/p>\t\t\t\t\t\t<\/div>\n\t\t\t\t<\/div>\n\t\t\t\t\t<\/div>\n\t\t<\/div>\n\t\t\t\t\t\t\t<\/div>\n\t\t<\/section>\n\t\t\t\t\t\t\t<\/div>\n\t\t","protected":false},"excerpt":{"rendered":"<p>Accueil et assistance dans vos demarches de titre de sejour Nous sommes une entreprise sp\u00e9cialis\u00e9e dans l&#8217;accueil \u00e0 l&#8217;a\u00e9roport, l&#8217;installation de nos clients dans leur domicile et l&#8217;assistance dans les d\u00e9marches de titre de s\u00e9jour. Nous avons l&#8217;exp\u00e9rience et les comp\u00e9tences n\u00e9cessaires pour vous offrir un service de qualit\u00e9, personnalis\u00e9 et adapt\u00e9 \u00e0 vos besoins. &hellip;<\/p>\n<p class=\"read-more\"> <a class=\"\" href=\"https:\/\/patricktravelservices.com\/?page_id=1083\"> <span class=\"screen-reader-text\">Accueil et assistance demarche de titre de sejour<\/span> Read More &raquo;<\/a><\/p>\n","protected":false},"author":1,"featured_media":0,"parent":0,"menu_order":0,"comment_status":"closed","ping_status":"closed","template":"","meta":{"site-sidebar-layout":"no-sidebar","site-content-layout":"page-builder","ast-global-header-display":"","ast-main-header-display":"","ast-hfb-above-header-display":"","ast-hfb-below-header-display":"","ast-hfb-mobile-header-display":"","site-post-title":"disabled","ast-breadcrumbs-content":"","ast-featured-img":"disabled","footer-sml-layout":"","theme-transparent-header-meta":"","adv-header-id-meta":"","stick-header-meta":"","header-above-stick-meta":"","header-main-stick-meta":"","header-below-stick-meta":""},"_links":{"self":[{"href":"https:\/\/patricktravelservices.com\/index.php?rest_route=\/wp\/v2\/pages\/1083"}],"collection":[{"href":"https:\/\/patricktravelservices.com\/index.php?rest_route=\/wp\/v2\/pages"}],"about":[{"href":"https:\/\/patricktravelservices.com\/index.php?rest_route=\/wp\/v2\/types\/page"}],"author":[{"embeddable":true,"href":"https:\/\/patricktravelservices.com\/index.php?rest_route=\/wp\/v2\/users\/1"}],"replies":[{"embeddable":true,"href":"https:\/\/patricktravelservices.com\/index.php?rest_route=%2Fwp%2Fv2%2Fcomments&post=1083"}],"version-history":[{"count":5,"href":"https:\/\/patricktravelservices.com\/index.php?rest_route=\/wp\/v2\/pages\/1083\/revisions"}],"predecessor-version":[{"id":1107,"href":"https:\/\/patricktravelservices.com\/index.php?rest_route=\/wp\/v2\/pages\/1083\/revisions\/1107"}],"wp:attachment":[{"href":"https:\/\/patricktravelservices.com\/index.php?rest_route=%2Fwp%2Fv2%2Fmedia&parent=1083"}],"curies":[{"name":"wp","href":"https:\/\/api.w.org\/{rel}","templated":true}]}}