{"id":1081,"date":"2023-03-22T20:20:12","date_gmt":"2023-03-22T20:20:12","guid":{"rendered":"https:\/\/patricktravelservices.com\/?page_id=1081"},"modified":"2023-03-22T20:29:40","modified_gmt":"2023-03-22T20:29:40","slug":"assistance-logement-et-visa","status":"publish","type":"page","link":"https:\/\/patricktravelservices.com\/?page_id=1081","title":{"rendered":"assistance logement et visa"},"content":{"rendered":"\t\t<div data-elementor-type=\"wp-page\" data-elementor-id=\"1081\" class=\"elementor elementor-1081\">\n\t\t\t\t\t\t\t\t\t<section class=\"elementor-section elementor-top-section elementor-element elementor-element-d853852 elementor-section-boxed elementor-section-height-default elementor-section-height-default\" data-id=\"d853852\" data-element_type=\"section\">\n\t\t\t\t\t\t<div class=\"elementor-container elementor-column-gap-default\">\n\t\t\t\t\t<div class=\"elementor-column elementor-col-100 elementor-top-column elementor-element elementor-element-91a923e\" data-id=\"91a923e\" data-element_type=\"column\">\n\t\t\t<div class=\"elementor-widget-wrap elementor-element-populated\">\n\t\t\t\t\t\t\t\t<div class=\"elementor-element elementor-element-f9cd342 elementor-widget elementor-widget-heading\" data-id=\"f9cd342\" data-element_type=\"widget\" data-widget_type=\"heading.default\">\n\t\t\t\t<div class=\"elementor-widget-container\">\n\t\t\t<style>\/*! elementor - v3.10.0 - 09-01-2023 *\/\n.elementor-heading-title{padding:0;margin:0;line-height:1}.elementor-widget-heading .elementor-heading-title[class*=elementor-size-]>a{color:inherit;font-size:inherit;line-height:inherit}.elementor-widget-heading .elementor-heading-title.elementor-size-small{font-size:15px}.elementor-widget-heading .elementor-heading-title.elementor-size-medium{font-size:19px}.elementor-widget-heading .elementor-heading-title.elementor-size-large{font-size:29px}.elementor-widget-heading .elementor-heading-title.elementor-size-xl{font-size:39px}.elementor-widget-heading .elementor-heading-title.elementor-size-xxl{font-size:59px}<\/style><h2 class=\"elementor-heading-title elementor-size-default\"><h3 style=\"font-size: 22px; font-style: normal; font-family: Ubuntu, sans-serif; text-decoration-line: underline; text-align: center; white-space: normal;\"><a href=\"\">Assistances logement et visa<\/a><\/h3><\/h2>\t\t<\/div>\n\t\t\t\t<\/div>\n\t\t\t\t\t<\/div>\n\t\t<\/div>\n\t\t\t\t\t\t\t<\/div>\n\t\t<\/section>\n\t\t\t\t<section class=\"elementor-section elementor-top-section elementor-element elementor-element-7374bf5 elementor-section-boxed elementor-section-height-default elementor-section-height-default\" data-id=\"7374bf5\" data-element_type=\"section\">\n\t\t\t\t\t\t<div class=\"elementor-container elementor-column-gap-default\">\n\t\t\t\t\t<div class=\"elementor-column elementor-col-100 elementor-top-column elementor-element elementor-element-f3e753d\" data-id=\"f3e753d\" data-element_type=\"column\">\n\t\t\t<div class=\"elementor-widget-wrap elementor-element-populated\">\n\t\t\t\t\t\t\t\t<div class=\"elementor-element elementor-element-bbbddc7 elementor-widget elementor-widget-text-editor\" data-id=\"bbbddc7\" data-element_type=\"widget\" data-widget_type=\"text-editor.default\">\n\t\t\t\t<div class=\"elementor-widget-container\">\n\t\t\t<style>\/*! elementor - v3.10.0 - 09-01-2023 *\/\n.elementor-widget-text-editor.elementor-drop-cap-view-stacked .elementor-drop-cap{background-color:#818a91;color:#fff}.elementor-widget-text-editor.elementor-drop-cap-view-framed .elementor-drop-cap{color:#818a91;border:3px solid;background-color:transparent}.elementor-widget-text-editor:not(.elementor-drop-cap-view-default) .elementor-drop-cap{margin-top:8px}.elementor-widget-text-editor:not(.elementor-drop-cap-view-default) .elementor-drop-cap-letter{width:1em;height:1em}.elementor-widget-text-editor .elementor-drop-cap{float:left;text-align:center;line-height:1;font-size:50px}.elementor-widget-text-editor .elementor-drop-cap-letter{display:inline-block}<\/style>\t\t\t\t<p>Madame, Monsieur,<\/p><p>Nous sommes heureux de vous proposer nos services pour vous aider \u00e0 obtenir votre visa. En tant qu&#8217;entreprise sp\u00e9cialis\u00e9e dans l&#8217;assistance visa, nous avons une grande exp\u00e9rience dans ce domaine et sommes en mesure de vous offrir des services professionnels et fiables.<\/p><p>Voici les d\u00e9tails de notre offre de services :<\/p><p>Analyse des besoins : Nous commen\u00e7ons par analyser vos besoins pour d\u00e9terminer les exigences du visa que vous souhaitez obtenir. Nous vous aidons \u00e0 remplir les formulaires n\u00e9cessaires et \u00e0 fournir les documents requis pour votre demande.<\/p><p>Assistance pour la pr\u00e9paration de la demande : Nous vous fournissons un guide complet pour la pr\u00e9paration de votre demande de visa, y compris les instructions d\u00e9taill\u00e9es pour chaque \u00e9tape du processus.<\/p><p>Suivi de la demande : Nous nous assurons que votre demande est trait\u00e9e rapidement et efficacement. Nous communiquons r\u00e9guli\u00e8rement avec les autorit\u00e9s comp\u00e9tentes pour suivre l&#8217;\u00e9tat de votre demande et nous vous tenons inform\u00e9 de tout d\u00e9veloppement important.<\/p><p>Assistance apr\u00e8s l&#8217;obtention du visa : Nous vous offrons \u00e9galement une assistance apr\u00e8s l&#8217;obtention de votre visa, notamment en vous fournissant des informations sur votre destination, les formalit\u00e9s d&#8217;entr\u00e9e et de sortie, et les exigences de voyage.<\/p><p>Nos tarifs pour les services d&#8217;assistance visa d\u00e9pendent du type de visa que vous souhaitez obtenir et des exigences sp\u00e9cifiques de votre demande. Nous sommes convaincus que nos tarifs sont comp\u00e9titifs et nous serions ravis de discuter de vos besoins sp\u00e9cifiques et de vous fournir un devis personnalis\u00e9.<\/p><p>Nous esp\u00e9rons avoir l&#8217;opportunit\u00e9 de travailler avec vous et de vous aider \u00e0 obtenir votre visa de mani\u00e8re rapide et efficace. N&#8217;h\u00e9sitez pas \u00e0 nous contacter si vous avez des questions ou si vous souhaitez en savoir plus sur nos services.<\/p>\t\t\t\t\t\t<\/div>\n\t\t\t\t<\/div>\n\t\t\t\t\t<\/div>\n\t\t<\/div>\n\t\t\t\t\t\t\t<\/div>\n\t\t<\/section>\n\t\t\t\t\t\t\t<\/div>\n\t\t","protected":false},"excerpt":{"rendered":"<p>Assistances logement et visa Madame, Monsieur, Nous sommes heureux de vous proposer nos services pour vous aider \u00e0 obtenir votre visa. En tant qu&#8217;entreprise sp\u00e9cialis\u00e9e dans l&#8217;assistance visa, nous avons une grande exp\u00e9rience dans ce domaine et sommes en mesure de vous offrir des services professionnels et fiables. Voici les d\u00e9tails de notre offre de &hellip;<\/p>\n<p class=\"read-more\"> <a class=\"\" href=\"https:\/\/patricktravelservices.com\/?page_id=1081\"> <span class=\"screen-reader-text\">assistance logement et visa<\/span> Read More &raquo;<\/a><\/p>\n","protected":false},"author":1,"featured_media":0,"parent":0,"menu_order":0,"comment_status":"closed","ping_status":"closed","template":"","meta":{"site-sidebar-layout":"no-sidebar","site-content-layout":"page-builder","ast-global-header-display":"","ast-main-header-display":"","ast-hfb-above-header-display":"","ast-hfb-below-header-display":"","ast-hfb-mobile-header-display":"","site-post-title":"disabled","ast-breadcrumbs-content":"","ast-featured-img":"disabled","footer-sml-layout":"","theme-transparent-header-meta":"","adv-header-id-meta":"","stick-header-meta":"","header-above-stick-meta":"","header-main-stick-meta":"","header-below-stick-meta":""},"_links":{"self":[{"href":"https:\/\/patricktravelservices.com\/index.php?rest_route=\/wp\/v2\/pages\/1081"}],"collection":[{"href":"https:\/\/patricktravelservices.com\/index.php?rest_route=\/wp\/v2\/pages"}],"about":[{"href":"https:\/\/patricktravelservices.com\/index.php?rest_route=\/wp\/v2\/types\/page"}],"author":[{"embeddable":true,"href":"https:\/\/patricktravelservices.com\/index.php?rest_route=\/wp\/v2\/users\/1"}],"replies":[{"embeddable":true,"href":"https:\/\/patricktravelservices.com\/index.php?rest_route=%2Fwp%2Fv2%2Fcomments&post=1081"}],"version-history":[{"count":7,"href":"https:\/\/patricktravelservices.com\/index.php?rest_route=\/wp\/v2\/pages\/1081\/revisions"}],"predecessor-version":[{"id":1095,"href":"https:\/\/patricktravelservices.com\/index.php?rest_route=\/wp\/v2\/pages\/1081\/revisions\/1095"}],"wp:attachment":[{"href":"https:\/\/patricktravelservices.com\/index.php?rest_route=%2Fwp%2Fv2%2Fmedia&parent=1081"}],"curies":[{"name":"wp","href":"https:\/\/api.w.org\/{rel}","templated":true}]}}