{"id":1079,"date":"2023-03-22T20:18:44","date_gmt":"2023-03-22T20:18:44","guid":{"rendered":"https:\/\/patricktravelservices.com\/?page_id=1079"},"modified":"2023-03-22T20:26:41","modified_gmt":"2023-03-22T20:26:41","slug":"cv-et-lettre","status":"publish","type":"page","link":"https:\/\/patricktravelservices.com\/?page_id=1079","title":{"rendered":"CV et lettre"},"content":{"rendered":"\t\t<div data-elementor-type=\"wp-page\" data-elementor-id=\"1079\" class=\"elementor elementor-1079\">\n\t\t\t\t\t\t\t\t\t<section class=\"elementor-section elementor-top-section elementor-element elementor-element-a670e3b elementor-section-boxed elementor-section-height-default elementor-section-height-default\" data-id=\"a670e3b\" data-element_type=\"section\">\n\t\t\t\t\t\t<div class=\"elementor-container elementor-column-gap-default\">\n\t\t\t\t\t<div class=\"elementor-column elementor-col-100 elementor-top-column elementor-element elementor-element-addeaf3\" data-id=\"addeaf3\" data-element_type=\"column\">\n\t\t\t<div class=\"elementor-widget-wrap elementor-element-populated\">\n\t\t\t\t\t\t\t\t<section class=\"elementor-section elementor-inner-section elementor-element elementor-element-1a137c2 elementor-section-boxed elementor-section-height-default elementor-section-height-default\" data-id=\"1a137c2\" data-element_type=\"section\">\n\t\t\t\t\t\t<div class=\"elementor-container elementor-column-gap-default\">\n\t\t\t\t\t<div class=\"elementor-column elementor-col-100 elementor-inner-column elementor-element elementor-element-1cb11d5\" data-id=\"1cb11d5\" data-element_type=\"column\">\n\t\t\t<div class=\"elementor-widget-wrap\">\n\t\t\t\t\t\t\t\t\t<\/div>\n\t\t<\/div>\n\t\t\t\t\t\t\t<\/div>\n\t\t<\/section>\n\t\t\t\t\t<\/div>\n\t\t<\/div>\n\t\t\t\t\t\t\t<\/div>\n\t\t<\/section>\n\t\t\t\t<section class=\"elementor-section elementor-top-section elementor-element elementor-element-c94a9c6 elementor-section-boxed elementor-section-height-default elementor-section-height-default\" data-id=\"c94a9c6\" data-element_type=\"section\">\n\t\t\t\t\t\t<div class=\"elementor-container elementor-column-gap-default\">\n\t\t\t\t\t<div class=\"elementor-column elementor-col-100 elementor-top-column elementor-element elementor-element-4467a97\" data-id=\"4467a97\" data-element_type=\"column\">\n\t\t\t<div class=\"elementor-widget-wrap elementor-element-populated\">\n\t\t\t\t\t\t\t\t<div class=\"elementor-element elementor-element-cc22299 elementor-widget elementor-widget-heading\" data-id=\"cc22299\" data-element_type=\"widget\" data-widget_type=\"heading.default\">\n\t\t\t\t<div class=\"elementor-widget-container\">\n\t\t\t<style>\/*! elementor - v3.10.0 - 09-01-2023 *\/\n.elementor-heading-title{padding:0;margin:0;line-height:1}.elementor-widget-heading .elementor-heading-title[class*=elementor-size-]>a{color:inherit;font-size:inherit;line-height:inherit}.elementor-widget-heading .elementor-heading-title.elementor-size-small{font-size:15px}.elementor-widget-heading .elementor-heading-title.elementor-size-medium{font-size:19px}.elementor-widget-heading .elementor-heading-title.elementor-size-large{font-size:29px}.elementor-widget-heading .elementor-heading-title.elementor-size-xl{font-size:39px}.elementor-widget-heading .elementor-heading-title.elementor-size-xxl{font-size:59px}<\/style><h2 class=\"elementor-heading-title elementor-size-default\"><h3 style=\"font-size: 22px; font-style: normal; font-family: Ubuntu, sans-serif; text-decoration-line: underline; text-align: center; white-space: normal;\"><a #\">CV et lettre de motivation<\/a><\/h3><\/h2>\t\t<\/div>\n\t\t\t\t<\/div>\n\t\t\t\t<div class=\"elementor-element elementor-element-058d611 elementor-widget elementor-widget-text-editor\" data-id=\"058d611\" data-element_type=\"widget\" data-widget_type=\"text-editor.default\">\n\t\t\t\t<div class=\"elementor-widget-container\">\n\t\t\t<style>\/*! elementor - v3.10.0 - 09-01-2023 *\/\n.elementor-widget-text-editor.elementor-drop-cap-view-stacked .elementor-drop-cap{background-color:#818a91;color:#fff}.elementor-widget-text-editor.elementor-drop-cap-view-framed .elementor-drop-cap{color:#818a91;border:3px solid;background-color:transparent}.elementor-widget-text-editor:not(.elementor-drop-cap-view-default) .elementor-drop-cap{margin-top:8px}.elementor-widget-text-editor:not(.elementor-drop-cap-view-default) .elementor-drop-cap-letter{width:1em;height:1em}.elementor-widget-text-editor .elementor-drop-cap{float:left;text-align:center;line-height:1;font-size:50px}.elementor-widget-text-editor .elementor-drop-cap-letter{display:inline-block}<\/style>\t\t\t\t<p>Madame\/Monsieur,<\/p><p>Nous sommes une entreprise sp\u00e9cialis\u00e9e dans l&#8217;aide \u00e0 la r\u00e9daction de CV et de lettres de motivation, et nous vous proposons nos services pour vous aider \u00e0 optimiser votre candidature et ainsi augmenter vos chances de d\u00e9crocher un entretien d&#8217;embauche.<\/p><p>Notre expertise en mati\u00e8re de r\u00e9daction de CV et de lettres de motivation nous permet de vous proposer une prestation de qualit\u00e9, adapt\u00e9e \u00e0 vos besoins et \u00e0 vos attentes. Nous mettons \u00e0 votre disposition une \u00e9quipe de professionnels qualifi\u00e9s, ayant une exp\u00e9rience significative dans le domaine de la r\u00e9daction de candidatures.<\/p><p>Notre prestation de service comprend :<\/p><p>Un entretien individuel pour comprendre vos besoins et d\u00e9finir vos objectifs ;<\/p><p>La r\u00e9daction d&#8217;un CV et d&#8217;une lettre de motivation sur mesure, en fonction de vos comp\u00e9tences, exp\u00e9riences et objectifs professionnels ;<\/p><p>La mise en page professionnelle de votre CV et de votre lettre de motivation ;<\/p><p>La correction de l&#8217;orthographe et de la grammaire ;<\/p><p>La r\u00e9vision de votre CV et de votre lettre de motivation en fonction des feedbacks que vous nous fournirez.<\/p><p>Nous sommes convaincus que notre prestation de service r\u00e9pondra \u00e0 vos besoins et nous sommes pr\u00eats \u00e0 travailler avec vous pour vous aider \u00e0 maximiser vos chances de r\u00e9ussite.<\/p><p>Nous restons \u00e0 votre disposition pour r\u00e9pondre \u00e0 toutes vos questions et pour discuter des modalit\u00e9s de notre prestation de service.<\/p>\t\t\t\t\t\t<\/div>\n\t\t\t\t<\/div>\n\t\t\t\t\t<\/div>\n\t\t<\/div>\n\t\t\t\t\t\t\t<\/div>\n\t\t<\/section>\n\t\t\t\t\t\t\t<\/div>\n\t\t","protected":false},"excerpt":{"rendered":"","protected":false},"author":1,"featured_media":0,"parent":0,"menu_order":0,"comment_status":"closed","ping_status":"closed","template":"","meta":{"site-sidebar-layout":"no-sidebar","site-content-layout":"page-builder","ast-global-header-display":"","ast-main-header-display":"","ast-hfb-above-header-display":"","ast-hfb-below-header-display":"","ast-hfb-mobile-header-display":"","site-post-title":"disabled","ast-breadcrumbs-content":"","ast-featured-img":"disabled","footer-sml-layout":"","theme-transparent-header-meta":"","adv-header-id-meta":"","stick-header-meta":"","header-above-stick-meta":"","header-main-stick-meta":"","header-below-stick-meta":""},"_links":{"self":[{"href":"https:\/\/patricktravelservices.com\/index.php?rest_route=\/wp\/v2\/pages\/1079"}],"collection":[{"href":"https:\/\/patricktravelservices.com\/index.php?rest_route=\/wp\/v2\/pages"}],"about":[{"href":"https:\/\/patricktravelservices.com\/index.php?rest_route=\/wp\/v2\/types\/page"}],"author":[{"embeddable":true,"href":"https:\/\/patricktravelservices.com\/index.php?rest_route=\/wp\/v2\/users\/1"}],"replies":[{"embeddable":true,"href":"https:\/\/patricktravelservices.com\/index.php?rest_route=%2Fwp%2Fv2%2Fcomments&post=1079"}],"version-history":[{"count":4,"href":"https:\/\/patricktravelservices.com\/index.php?rest_route=\/wp\/v2\/pages\/1079\/revisions"}],"predecessor-version":[{"id":1089,"href":"https:\/\/patricktravelservices.com\/index.php?rest_route=\/wp\/v2\/pages\/1079\/revisions\/1089"}],"wp:attachment":[{"href":"https:\/\/patricktravelservices.com\/index.php?rest_route=%2Fwp%2Fv2%2Fmedia&parent=1079"}],"curies":[{"name":"wp","href":"https:\/\/api.w.org\/{rel}","templated":true}]}}